{"id":6189,"date":"2024-10-15T06:15:14","date_gmt":"2024-10-15T03:15:14","guid":{"rendered":"https:\/\/www.savaworks.com\/servicii\/"},"modified":"2026-04-07T17:52:57","modified_gmt":"2026-04-07T14:52:57","slug":"servicii","status":"publish","type":"page","link":"https:\/\/www.savaworks.com\/ro\/servicii\/","title":{"rendered":"Servicii"},"content":{"rendered":"\t\t<div data-elementor-type=\"wp-page\" data-elementor-id=\"6189\" class=\"elementor elementor-6189 elementor-215\">\n\t\t\t\t<div class=\"e-con-gap-no elementor-element elementor-element-3fe362a e-flex e-con-boxed sc_layouts_column_icons_position_left e-con e-parent\" data-id=\"3fe362a\" data-element_type=\"container\" data-e-type=\"container\">\n\t\t\t\t\t<div class=\"e-con-inner\">\n\t\t<div class=\"elementor-element elementor-element-785f26f e-con-full e-flex sc_layouts_column_icons_position_left e-con e-child\" data-id=\"785f26f\" data-element_type=\"container\" data-e-type=\"container\">\n\t\t\t\t<div data-animation-type=\"block\" class=\"elementor-element elementor-element-796db1f animation_type_block sc_fly_static elementor-invisible elementor-widget elementor-widget-heading\" data-id=\"796db1f\" data-element_type=\"widget\" data-e-type=\"widget\" data-settings=\"{&quot;_animation&quot;:&quot;ta_fadeinup&quot;}\" data-widget_type=\"heading.default\">\n\t\t\t\t<div class=\"elementor-widget-container\">\n\t\t\t\t\t<h6 class=\"elementor-heading-title elementor-size-default\">Serviciile noastre<\/h6>\t\t\t\t<\/div>\n\t\t\t\t<\/div>\n\t\t\t\t<div data-animation-type=\"line\" data-animation-stagger=\"80\" class=\"elementor-element elementor-element-90f4d5e animation_type_line sc_fly_static elementor-invisible elementor-widget elementor-widget-trx_elm_advanced_title\" data-id=\"90f4d5e\" data-element_type=\"widget\" data-e-type=\"widget\" data-settings=\"{&quot;_animation&quot;:&quot;ta_fadeinup&quot;,&quot;_animation_delay&quot;:100}\" data-widget_type=\"trx_elm_advanced_title.default\">\n\t\t\t\t<div class=\"elementor-widget-container\">\n\t\t\t\t\t<h1 class=\"trx-addons-advanced-title\" >\n<span class=\"trx-addons-advanced-title-item trx-addons-advanced-title-item-text elementor-repeater-item-8818021\">Pentru siguran\u021ba dumneavoastr\u0103<\/span>\n<span class=\"trx-addons-advanced-title-item trx-addons-advanced-title-item-text elementor-repeater-item-f4d33a4\">Solu\u021bii complete<\/span><\/h1>\t\t\t\t<\/div>\n\t\t\t\t<\/div>\n\t\t\t\t<\/div>\n\t\t\t\t\t<\/div>\n\t\t\t\t<\/div>\n\t\t<div data-animation-type=\"block\" class=\"elementor-element elementor-element-32897e0 e-flex e-con-boxed sc_layouts_column_icons_position_left animation_type_block elementor-invisible e-con e-parent\" data-id=\"32897e0\" data-element_type=\"container\" data-e-type=\"container\" data-settings=\"{&quot;animation&quot;:&quot;fadeInUp&quot;,&quot;animation_delay&quot;:300}\">\n\t\t\t\t\t<div class=\"e-con-inner\">\n\t\t<div data-stack-section-effect-duration=\"0.001\" data-stack-section-zoom-value=\"0.9\" data-stack-section-transparency-value=\"0\" data-stack-section-blur-value=\"10\" class=\"elementor-element elementor-element-3835aa3 e-con-full sc_stack_section_on sc_stack_section_zoom_on e-flex sc_layouts_column_icons_position_left sc_stack_section_effect_slide e-con e-child\" data-id=\"3835aa3\" data-element_type=\"container\" data-e-type=\"container\" data-settings=\"{&quot;background_background&quot;:&quot;classic&quot;}\">\n\t\t<div class=\"elementor-element elementor-element-250530c e-con-full e-flex sc_layouts_column_icons_position_left e-con e-child\" data-id=\"250530c\" data-element_type=\"container\" data-e-type=\"container\">\n\t\t<div class=\"elementor-element elementor-element-b8333f9 e-con-full e-flex sc_layouts_column_icons_position_left e-con e-child\" data-id=\"b8333f9\" data-element_type=\"container\" data-e-type=\"container\">\n\t\t\t\t<div class=\"elementor-element elementor-element-c703239 sc_fly_static elementor-widget elementor-widget-heading\" data-id=\"c703239\" data-element_type=\"widget\" data-e-type=\"widget\" data-widget_type=\"heading.default\">\n\t\t\t\t<div class=\"elementor-widget-container\">\n\t\t\t\t\t<h2 class=\"elementor-heading-title elementor-size-default\"><a href=\"https:\/\/www.savaworks.com\/ro\/servicii\/sisteme-de-lucru-la-inaltime\/\">Sisteme de lucru la \u00een\u0103l\u021bime<\/a><\/h2>\t\t\t\t<\/div>\n\t\t\t\t<\/div>\n\t\t\t\t<div class=\"elementor-element elementor-element-d951657 sc_fly_static elementor-widget elementor-widget-text-editor\" data-id=\"d951657\" data-element_type=\"widget\" data-e-type=\"widget\" data-widget_type=\"text-editor.default\">\n\t\t\t\t<div class=\"elementor-widget-container\">\n\t\t\t\t\t\t\t\t\t<p>Solu\u021bii inginere\u0219ti care elimin\u0103 riscul de c\u0103dere \u00een instala\u021biile industriale \u0219i cl\u0103dirile \u00eenalte. <br>Plase de siguran\u021b\u0103 <strong>\u00b7<\/strong> Sisteme de balustrade <strong>\u00b7<\/strong> Bariere <strong>\u00b7<\/strong> Pasarele<\/p>\t\t\t\t\t\t\t\t<\/div>\n\t\t\t\t<\/div>\n\t\t\t\t<\/div>\n\t\t\t\t<div class=\"elementor-element elementor-element-b4c6210 sc_fly_static elementor-widget elementor-widget-heading\" data-id=\"b4c6210\" data-element_type=\"widget\" data-e-type=\"widget\" data-widget_type=\"heading.default\">\n\t\t\t\t<div class=\"elementor-widget-container\">\n\t\t\t\t\t<h6 class=\"elementor-heading-title elementor-size-default\"><a href=\"https:\/\/www.savaworks.com\/ro\/servicii\/sisteme-de-lucru-la-inaltime\/\">Examina\u021bi \u00een detaliu<\/a><\/h6>\t\t\t\t<\/div>\n\t\t\t\t<\/div>\n\t\t\t\t<\/div>\n\t\t<div class=\"elementor-element elementor-element-2efd805 e-con-full e-grid sc_layouts_column_icons_position_left e-con e-child\" data-id=\"2efd805\" data-element_type=\"container\" data-e-type=\"container\">\n\t\t\t\t<div class=\"elementor-element elementor-element-22aa136 sc_fly_static elementor-widget elementor-widget-image\" data-id=\"22aa136\" data-element_type=\"widget\" data-e-type=\"widget\" data-widget_type=\"image.default\">\n\t\t\t\t<div class=\"elementor-widget-container\">\n\t\t\t\t\t\t\t\t\t\t\t\t\t\t\t<img decoding=\"async\" src=\"https:\/\/www.savaworks.com\/wp-content\/uploads\/elementor\/thumbs\/Yuksekte-Calisma-Sistemleri-rk1013qpygzqeeph02dfugwhrfu8k5z3xpkpuaddm2.jpg\" title=\"Sisteme de lucru la \u00een\u0103l\u021bime\" alt=\"Sisteme de lucru la \u00een\u0103l\u021bime\" loading=\"lazy\" \/>\t\t\t\t\t\t\t\t\t\t\t\t\t\t\t<\/div>\n\t\t\t\t<\/div>\n\t\t\t\t<\/div>\n\t\t\t\t<\/div>\n\t\t<div data-stack-section-effect-duration=\"0.001\" data-stack-section-zoom-value=\"0.9\" data-stack-section-transparency-value=\"0\" data-stack-section-blur-value=\"10\" class=\"elementor-element elementor-element-23994c1 e-con-full sc_stack_section_on sc_stack_section_zoom_on e-flex sc_layouts_column_icons_position_left sc_stack_section_effect_slide e-con e-child\" data-id=\"23994c1\" data-element_type=\"container\" data-e-type=\"container\" data-settings=\"{&quot;background_background&quot;:&quot;classic&quot;}\">\n\t\t<div class=\"elementor-element elementor-element-a8b8032 e-con-full e-flex sc_layouts_column_icons_position_left e-con e-child\" data-id=\"a8b8032\" data-element_type=\"container\" data-e-type=\"container\">\n\t\t<div class=\"elementor-element elementor-element-100f194 e-con-full e-flex sc_layouts_column_icons_position_left e-con e-child\" data-id=\"100f194\" data-element_type=\"container\" data-e-type=\"container\">\n\t\t\t\t<div class=\"elementor-element elementor-element-0ea544f sc_fly_static elementor-widget elementor-widget-heading\" data-id=\"0ea544f\" data-element_type=\"widget\" data-e-type=\"widget\" data-widget_type=\"heading.default\">\n\t\t\t\t<div class=\"elementor-widget-container\">\n\t\t\t\t\t<h2 class=\"elementor-heading-title elementor-size-default\"><a href=\"https:\/\/www.savaworks.com\/ro\/servicii\/sisteme-de-linii-de-viata\/\">Sisteme de linii de via\u021b\u0103<\/a><\/h2>\t\t\t\t<\/div>\n\t\t\t\t<\/div>\n\t\t\t\t<div class=\"elementor-element elementor-element-14a72c5 sc_fly_static elementor-widget elementor-widget-text-editor\" data-id=\"14a72c5\" data-element_type=\"widget\" data-e-type=\"widget\" data-widget_type=\"text-editor.default\">\n\t\t\t\t<div class=\"elementor-widget-container\">\n\t\t\t\t\t\t\t\t\t<p>Proiect\u0103m \u0219i instal\u0103m sisteme care ofer\u0103 protec\u021bie maxim\u0103 f\u0103r\u0103 a restric\u021biona libertatea de mi\u0219care a angaja\u021bilor dumneavoastr\u0103.<br>Linii de via\u021b\u0103 orizontale <strong>\u00b7<\/strong> Linii de via\u021b\u0103 verticale <strong>\u00b7<\/strong> Sisteme mobile <strong>\u00b7<\/strong> Linii de via\u021b\u0103 pe \u0219in\u0103 <strong>\u00b7<\/strong> Puncte de ancorare<\/p>\t\t\t\t\t\t\t\t<\/div>\n\t\t\t\t<\/div>\n\t\t\t\t<\/div>\n\t\t\t\t<div class=\"elementor-element elementor-element-3514a25 sc_fly_static elementor-widget elementor-widget-heading\" data-id=\"3514a25\" data-element_type=\"widget\" data-e-type=\"widget\" data-widget_type=\"heading.default\">\n\t\t\t\t<div class=\"elementor-widget-container\">\n\t\t\t\t\t<h6 class=\"elementor-heading-title elementor-size-default\"><a href=\"https:\/\/www.savaworks.com\/ro\/servicii\/sisteme-de-linii-de-viata\/\">Examina\u021bi \u00een detaliu<\/a><\/h6>\t\t\t\t<\/div>\n\t\t\t\t<\/div>\n\t\t\t\t<\/div>\n\t\t<div class=\"elementor-element elementor-element-ea30899 e-con-full e-grid sc_layouts_column_icons_position_left e-con e-child\" data-id=\"ea30899\" data-element_type=\"container\" data-e-type=\"container\">\n\t\t\t\t<div class=\"elementor-element elementor-element-79f7969 sc_fly_static elementor-widget elementor-widget-image\" data-id=\"79f7969\" data-element_type=\"widget\" data-e-type=\"widget\" data-widget_type=\"image.default\">\n\t\t\t\t<div class=\"elementor-widget-container\">\n\t\t\t\t\t\t\t\t\t\t\t\t\t\t\t<img decoding=\"async\" src=\"https:\/\/www.savaworks.com\/wp-content\/uploads\/elementor\/thumbs\/McyHU6nvVoSFqPASJCVNX_RoVijquh_00001-rk7y06sx1c27sv18nyx1hkxydshtvrpvv1nf2jc6qy.jpg\" title=\"linie de via\u021b\u0103\" alt=\"linie de via\u021b\u0103\" loading=\"lazy\" \/>\t\t\t\t\t\t\t\t\t\t\t\t\t\t\t<\/div>\n\t\t\t\t<\/div>\n\t\t\t\t<\/div>\n\t\t\t\t<\/div>\n\t\t<div data-stack-section-effect-duration=\"0.001\" data-stack-section-zoom-value=\"0.9\" data-stack-section-transparency-value=\"0\" data-stack-section-blur-value=\"10\" class=\"elementor-element elementor-element-48b647d e-con-full sc_stack_section_on sc_stack_section_zoom_on e-flex sc_layouts_column_icons_position_left sc_stack_section_effect_slide e-con e-child\" data-id=\"48b647d\" data-element_type=\"container\" data-e-type=\"container\" data-settings=\"{&quot;background_background&quot;:&quot;classic&quot;}\">\n\t\t<div class=\"elementor-element elementor-element-4898edb e-con-full e-flex sc_layouts_column_icons_position_left e-con e-child\" data-id=\"4898edb\" data-element_type=\"container\" data-e-type=\"container\">\n\t\t<div class=\"elementor-element elementor-element-d4c4d87 e-con-full e-flex sc_layouts_column_icons_position_left e-con e-child\" data-id=\"d4c4d87\" data-element_type=\"container\" data-e-type=\"container\">\n\t\t\t\t<div class=\"elementor-element elementor-element-2175692 sc_fly_static elementor-widget elementor-widget-heading\" data-id=\"2175692\" data-element_type=\"widget\" data-e-type=\"widget\" data-widget_type=\"heading.default\">\n\t\t\t\t<div class=\"elementor-widget-container\">\n\t\t\t\t\t<h2 class=\"elementor-heading-title elementor-size-default\"><a href=\"https:\/\/www.savaworks.com\/ro\/servicii\/servicii-de-acces-cu-coarda\/\">Servicii de acces cu coarda<\/a><\/h2>\t\t\t\t<\/div>\n\t\t\t\t<\/div>\n\t\t\t\t<div class=\"elementor-element elementor-element-895fb48 sc_fly_static elementor-widget elementor-widget-text-editor\" data-id=\"895fb48\" data-element_type=\"widget\" data-e-type=\"widget\" data-widget_type=\"text-editor.default\">\n\t\t\t\t<div class=\"elementor-widget-container\">\n\t\t\t\t\t\t\t\t\tSolu\u021bii de acces rapid care elimin\u0103 costurile schelelor \u0219i macaralelor. Efectu\u0103m opera\u021biuni sigure \u00een puncte inaccesibile.<br>Inspec\u021bie NDT <strong>\u00b7<\/strong> Mentenan\u021b\u0103 &amp; Asamblare <strong>\u00b7<\/strong> Protec\u021bia suprafe\u021belor <strong>\u00b7<\/strong> Servicii de salvare \t\t\t\t\t\t\t\t<\/div>\n\t\t\t\t<\/div>\n\t\t\t\t<\/div>\n\t\t\t\t<div class=\"elementor-element elementor-element-a8b0e5f sc_fly_static elementor-widget elementor-widget-heading\" data-id=\"a8b0e5f\" data-element_type=\"widget\" data-e-type=\"widget\" data-widget_type=\"heading.default\">\n\t\t\t\t<div class=\"elementor-widget-container\">\n\t\t\t\t\t<h6 class=\"elementor-heading-title elementor-size-default\"><a href=\"https:\/\/www.savaworks.com\/ro\/servicii\/servicii-de-acces-cu-coarda\/\">Examina\u021bi \u00een detaliu<\/a><\/h6>\t\t\t\t<\/div>\n\t\t\t\t<\/div>\n\t\t\t\t<\/div>\n\t\t<div class=\"elementor-element elementor-element-ef1338f e-con-full e-grid sc_layouts_column_icons_position_left e-con e-child\" data-id=\"ef1338f\" data-element_type=\"container\" data-e-type=\"container\">\n\t\t\t\t<div class=\"elementor-element elementor-element-6609594 sc_fly_static elementor-widget elementor-widget-image\" data-id=\"6609594\" data-element_type=\"widget\" data-e-type=\"widget\" data-widget_type=\"image.default\">\n\t\t\t\t<div class=\"elementor-widget-container\">\n\t\t\t\t\t\t\t\t\t\t\t\t\t\t\t<img decoding=\"async\" src=\"https:\/\/www.savaworks.com\/wp-content\/uploads\/elementor\/thumbs\/Iple-Erisim-Hizmetleri--scaled-rk93bvx1vklvaq2jk19wv5zpe7tmlvrx2gr9ahiip6.jpg\" title=\"Servicii-de-acces-cu-coarda-\" alt=\"Servicii-de-acces-cu-coarda-\" loading=\"lazy\" \/>\t\t\t\t\t\t\t\t\t\t\t\t\t\t\t<\/div>\n\t\t\t\t<\/div>\n\t\t\t\t<\/div>\n\t\t\t\t<\/div>\n\t\t<div data-stack-section-effect-duration=\"0.001\" data-stack-section-zoom-value=\"0.9\" data-stack-section-transparency-value=\"0\" data-stack-section-blur-value=\"10\" class=\"elementor-element elementor-element-2f6fee4 e-con-full sc_stack_section_on sc_stack_section_zoom_on e-flex sc_layouts_column_icons_position_left sc_stack_section_effect_slide e-con e-child\" data-id=\"2f6fee4\" data-element_type=\"container\" data-e-type=\"container\" data-settings=\"{&quot;background_background&quot;:&quot;classic&quot;}\">\n\t\t<div class=\"elementor-element elementor-element-d793ee5 e-con-full e-flex sc_layouts_column_icons_position_left e-con e-child\" data-id=\"d793ee5\" data-element_type=\"container\" data-e-type=\"container\">\n\t\t<div class=\"elementor-element elementor-element-013cdd4 e-con-full e-flex sc_layouts_column_icons_position_left e-con e-child\" data-id=\"013cdd4\" data-element_type=\"container\" data-e-type=\"container\">\n\t\t\t\t<div class=\"elementor-element elementor-element-075d227 sc_fly_static elementor-widget elementor-widget-heading\" data-id=\"075d227\" data-element_type=\"widget\" data-e-type=\"widget\" data-widget_type=\"heading.default\">\n\t\t\t\t<div class=\"elementor-widget-container\">\n\t\t\t\t\t<h2 class=\"elementor-heading-title elementor-size-default\"><a href=\"https:\/\/www.savaworks.com\/ro\/servicii\/energie-regenerabila-si-inginerie\/\">Energie regenerabil\u0103 \u0219i inginerie<\/a><\/h2>\t\t\t\t<\/div>\n\t\t\t\t<\/div>\n\t\t\t\t<div class=\"elementor-element elementor-element-7ae3713 sc_fly_static elementor-widget elementor-widget-text-editor\" data-id=\"7ae3713\" data-element_type=\"widget\" data-e-type=\"widget\" data-widget_type=\"text-editor.default\">\n\t\t\t\t<div class=\"elementor-widget-container\">\n\t\t\t\t\t\t\t\t\tOferim servicii complete pentru centralele solare, de la inginerie la mentenan\u021b\u0103, de la cur\u0103\u021bare la inspec\u021bie aerian\u0103.<br>EPC pentru centrale solare <strong>\u00b7<\/strong> Mentenan\u021b\u0103-Repara\u021bii centrale solare <strong>\u00b7<\/strong> Cur\u0103\u021bare centrale solare <strong>\u00b7<\/strong> Dron\u0103 termic\u0103\t\t\t\t\t\t\t\t<\/div>\n\t\t\t\t<\/div>\n\t\t\t\t<\/div>\n\t\t\t\t<div class=\"elementor-element elementor-element-4c9931c sc_fly_static elementor-widget elementor-widget-heading\" data-id=\"4c9931c\" data-element_type=\"widget\" data-e-type=\"widget\" data-widget_type=\"heading.default\">\n\t\t\t\t<div class=\"elementor-widget-container\">\n\t\t\t\t\t<h6 class=\"elementor-heading-title elementor-size-default\"><a href=\"https:\/\/www.savaworks.com\/ro\/servicii\/energie-regenerabila-si-inginerie\/\">Examina\u021bi \u00een detaliu<\/a><\/h6>\t\t\t\t<\/div>\n\t\t\t\t<\/div>\n\t\t\t\t<\/div>\n\t\t<div class=\"elementor-element elementor-element-eb6df40 e-con-full e-grid sc_layouts_column_icons_position_left e-con e-child\" data-id=\"eb6df40\" data-element_type=\"container\" data-e-type=\"container\">\n\t\t\t\t<div class=\"elementor-element elementor-element-d948ee4 sc_fly_static elementor-widget elementor-widget-image\" data-id=\"d948ee4\" data-element_type=\"widget\" data-e-type=\"widget\" data-widget_type=\"image.default\">\n\t\t\t\t<div class=\"elementor-widget-container\">\n\t\t\t\t\t\t\t\t\t\t\t\t\t\t\t<img decoding=\"async\" src=\"https:\/\/www.savaworks.com\/wp-content\/uploads\/elementor\/thumbs\/Yenilenebilir-Enerji-ve-Muhendislik-rk10344akpqt8dsc9fnpogmzi3xi0uyfvnt3sle2ay.jpg\" title=\"Energie regenerabil\u0103 \u0219i inginerie\" alt=\"Energie regenerabil\u0103 \u0219i inginerie\" loading=\"lazy\" \/>\t\t\t\t\t\t\t\t\t\t\t\t\t\t\t<\/div>\n\t\t\t\t<\/div>\n\t\t\t\t<\/div>\n\t\t\t\t<\/div>\n\t\t<div data-stack-section-effect-duration=\"0.001\" data-stack-section-zoom-value=\"0.9\" data-stack-section-transparency-value=\"0\" data-stack-section-blur-value=\"10\" class=\"elementor-element elementor-element-6231d30 e-con-full sc_stack_section_on sc_stack_section_zoom_on e-flex sc_layouts_column_icons_position_left sc_stack_section_effect_slide e-con e-child\" data-id=\"6231d30\" data-element_type=\"container\" data-e-type=\"container\" data-settings=\"{&quot;background_background&quot;:&quot;classic&quot;}\">\n\t\t<div class=\"elementor-element elementor-element-6e46e09 e-con-full e-flex sc_layouts_column_icons_position_left e-con e-child\" data-id=\"6e46e09\" data-element_type=\"container\" data-e-type=\"container\">\n\t\t<div class=\"elementor-element elementor-element-b1a9e2a e-con-full e-flex sc_layouts_column_icons_position_left e-con e-child\" data-id=\"b1a9e2a\" data-element_type=\"container\" data-e-type=\"container\">\n\t\t\t\t<div class=\"elementor-element elementor-element-4dd4a69 sc_fly_static elementor-widget elementor-widget-heading\" data-id=\"4dd4a69\" data-element_type=\"widget\" data-e-type=\"widget\" data-widget_type=\"heading.default\">\n\t\t\t\t<div class=\"elementor-widget-container\">\n\t\t\t\t\t<h2 class=\"elementor-heading-title elementor-size-default\"><a href=\"https:\/\/www.savaworks.com\/ro\/servicii\/instruire-si-consultanta\/\">Instruire \u0219i consultan\u021b\u0103<\/a><\/h2>\t\t\t\t<\/div>\n\t\t\t\t<\/div>\n\t\t\t\t<div class=\"elementor-element elementor-element-53e1885 sc_fly_static elementor-widget elementor-widget-text-editor\" data-id=\"53e1885\" data-element_type=\"widget\" data-e-type=\"widget\" data-widget_type=\"text-editor.default\">\n\t\t\t\t<div class=\"elementor-widget-container\">\n\t\t\t\t\t\t\t\t\t<p>Oferim profesioni\u0219ti competen\u021bi \u0219i siguri industriei prin programe certificate la standarde interna\u021bionale.<br>IRATA\/SPRAT <strong>\u00b7<\/strong> Salvare <strong>\u00b7<\/strong> Lucru la \u00een\u0103l\u021bime <strong>\u00b7<\/strong> Spa\u021bii \u00eenchise <strong>\u00b7<\/strong> Incendiu <strong>\u00b7<\/strong> Prim ajutor<\/p>\t\t\t\t\t\t\t\t<\/div>\n\t\t\t\t<\/div>\n\t\t\t\t<\/div>\n\t\t\t\t<div class=\"elementor-element elementor-element-d8cf4f8 sc_fly_static elementor-widget elementor-widget-heading\" data-id=\"d8cf4f8\" data-element_type=\"widget\" data-e-type=\"widget\" data-widget_type=\"heading.default\">\n\t\t\t\t<div class=\"elementor-widget-container\">\n\t\t\t\t\t<h6 class=\"elementor-heading-title elementor-size-default\"><a href=\"https:\/\/www.savaworks.com\/ro\/servicii\/instruire-si-consultanta\/\">Examina\u021bi \u00een detaliu<\/a><\/h6>\t\t\t\t<\/div>\n\t\t\t\t<\/div>\n\t\t\t\t<\/div>\n\t\t<div class=\"elementor-element elementor-element-60360da e-con-full e-grid sc_layouts_column_icons_position_left e-con e-child\" data-id=\"60360da\" data-element_type=\"container\" data-e-type=\"container\">\n\t\t\t\t<div class=\"elementor-element elementor-element-c149d18 sc_fly_static elementor-widget elementor-widget-image\" data-id=\"c149d18\" data-element_type=\"widget\" data-e-type=\"widget\" data-widget_type=\"image.default\">\n\t\t\t\t<div class=\"elementor-widget-container\">\n\t\t\t\t\t\t\t\t\t\t\t\t\t\t\t<img decoding=\"async\" src=\"https:\/\/www.savaworks.com\/wp-content\/uploads\/elementor\/thumbs\/Egitim-ve-Danismanlik-rk103k3jswcopr54o4kdcultlnqqnppvluwcyaqdd6.jpg\" title=\"Instruire \u0219i consultan\u021b\u0103\" alt=\"Instruire \u0219i consultan\u021b\u0103\" loading=\"lazy\" \/>\t\t\t\t\t\t\t\t\t\t\t\t\t\t\t<\/div>\n\t\t\t\t<\/div>\n\t\t\t\t<\/div>\n\t\t\t\t<\/div>\n\t\t\t\t\t<\/div>\n\t\t\t\t<\/div>\n\t\t<div class=\"elementor-element elementor-element-12213e2b e-flex e-con-boxed sc_layouts_column_icons_position_left e-con e-child\" data-id=\"12213e2b\" data-element_type=\"container\" data-e-type=\"container\" data-settings=\"{&quot;background_background&quot;:&quot;classic&quot;}\">\n\t\t\t\t\t<div class=\"e-con-inner\">\n\t\t\t\t<div data-animation-type=\"block\" class=\"elementor-element elementor-element-7a5a3280 animated-slow animation_type_block sc_fly_static elementor-invisible elementor-widget elementor-widget-heading\" data-id=\"7a5a3280\" data-element_type=\"widget\" data-e-type=\"widget\" data-settings=\"{&quot;_animation&quot;:&quot;ta_fadein&quot;}\" data-widget_type=\"heading.default\">\n\t\t\t\t<div class=\"elementor-widget-container\">\n\t\t\t\t\t<h4 class=\"elementor-heading-title elementor-size-default\">S\u0103 g\u0103sim \u00eempreun\u0103 solu\u021bia potrivit\u0103 pentru proiectul dumneavoastr\u0103.<\/h4>\t\t\t\t<\/div>\n\t\t\t\t<\/div>\n\t\t\t\t\t<\/div>\n\t\t\t\t<\/div>\n\t\t\t\t<\/div>\n\t\t","protected":false},"excerpt":{"rendered":"<p>Serviciile noastre Pentru siguran\u021ba dumneavoastr\u0103 Solu\u021bii complete Sisteme de lucru la \u00een\u0103l\u021bime Solu\u021bii&hellip;<\/p>\n","protected":false},"author":1,"featured_media":0,"parent":0,"menu_order":0,"comment_status":"closed","ping_status":"closed","template":"","meta":{"footnotes":""},"class_list":["post-6189","page","type-page","status-publish","hentry"],"_links":{"self":[{"href":"https:\/\/www.savaworks.com\/ro\/wp-json\/wp\/v2\/pages\/6189","targetHints":{"allow":["GET"]}}],"collection":[{"href":"https:\/\/www.savaworks.com\/ro\/wp-json\/wp\/v2\/pages"}],"about":[{"href":"https:\/\/www.savaworks.com\/ro\/wp-json\/wp\/v2\/types\/page"}],"author":[{"embeddable":true,"href":"https:\/\/www.savaworks.com\/ro\/wp-json\/wp\/v2\/users\/1"}],"replies":[{"embeddable":true,"href":"https:\/\/www.savaworks.com\/ro\/wp-json\/wp\/v2\/comments?post=6189"}],"version-history":[{"count":6,"href":"https:\/\/www.savaworks.com\/ro\/wp-json\/wp\/v2\/pages\/6189\/revisions"}],"predecessor-version":[{"id":6298,"href":"https:\/\/www.savaworks.com\/ro\/wp-json\/wp\/v2\/pages\/6189\/revisions\/6298"}],"wp:attachment":[{"href":"https:\/\/www.savaworks.com\/ro\/wp-json\/wp\/v2\/media?parent=6189"}],"curies":[{"name":"wp","href":"https:\/\/api.w.org\/{rel}","templated":true}]}}