{"id":6187,"date":"2024-09-16T09:34:31","date_gmt":"2024-09-16T06:34:31","guid":{"rendered":"https:\/\/www.savaworks.com\/politica-de-confidentialitate\/"},"modified":"2026-04-07T23:39:34","modified_gmt":"2026-04-07T20:39:34","slug":"politica-de-confidentialitate","status":"publish","type":"page","link":"https:\/\/www.savaworks.com\/ro\/politica-de-confidentialitate\/","title":{"rendered":"Politica de confiden\u021bialitate"},"content":{"rendered":"\t\t<div data-elementor-type=\"wp-page\" data-elementor-id=\"6187\" class=\"elementor elementor-6187 elementor-3\">\n\t\t\t\t<div data-animation-type=\"block\" class=\"elementor-element elementor-element-1f70034 e-con-full e-flex sc_layouts_column_icons_position_left e-con e-parent\" data-id=\"1f70034\" data-element_type=\"container\" data-e-type=\"container\" data-settings=\"{&quot;animation&quot;:&quot;none&quot;}\">\n\t\t<div class=\"elementor-element elementor-element-a9b28c6 e-con-full sc-tablet_inner_width_none e-flex sc_layouts_column_icons_position_left e-con e-child\" data-id=\"a9b28c6\" data-element_type=\"container\" data-e-type=\"container\">\n\t\t\t\t<div class=\"elementor-element elementor-element-e83205c sc_fly_static elementor-widget elementor-widget-heading\" data-id=\"e83205c\" data-element_type=\"widget\" data-e-type=\"widget\" data-widget_type=\"heading.default\">\n\t\t\t\t<div class=\"elementor-widget-container\">\n\t\t\t\t\t<h6 class=\"elementor-heading-title elementor-size-default\">Politica de confiden\u021bialitate<\/h6>\t\t\t\t<\/div>\n\t\t\t\t<\/div>\n\t\t\t\t<div data-animation-type=\"block\" class=\"elementor-element elementor-element-4cfb8e6 elementor-widget__width-initial sc_fly_static elementor-widget elementor-widget-heading\" data-id=\"4cfb8e6\" data-element_type=\"widget\" data-e-type=\"widget\" data-settings=\"{&quot;_animation&quot;:&quot;none&quot;,&quot;_animation_delay&quot;:100}\" data-widget_type=\"heading.default\">\n\t\t\t\t<div class=\"elementor-widget-container\">\n\t\t\t\t\t<h4 class=\"elementor-heading-title elementor-size-default\">POLITICA DE CONFIDEN\u021aIALITATE \u0218I COOKIE-URI SAVAWORKS<\/h4>\t\t\t\t<\/div>\n\t\t\t\t<\/div>\n\t\t<div class=\"elementor-element elementor-element-bad0ea8 e-con-full e-flex sc_layouts_column_icons_position_left e-con e-child\" data-id=\"bad0ea8\" data-element_type=\"container\" data-e-type=\"container\">\n\t\t\t\t<div class=\"elementor-element elementor-element-85e613d elementor-widget__width-initial sc_fly_static elementor-widget elementor-widget-icon-box\" data-id=\"85e613d\" data-element_type=\"widget\" data-e-type=\"widget\" data-widget_type=\"icon-box.default\">\n\t\t\t\t<div class=\"elementor-widget-container\">\n\t\t\t\t\t\t\t<div class=\"elementor-icon-box-wrapper\">\n\n\t\t\t\n\t\t\t\t\t\t<div class=\"elementor-icon-box-content\">\n\n\t\t\t\t\n\t\t\t\t\t\t\t\t\t<p class=\"elementor-icon-box-description\">\n\t\t\t\t\t\tLa SAVAWORKS, acord\u0103m o mare importan\u021b\u0103 securit\u0103\u021bii informa\u021biilor \u0219i confiden\u021bialit\u0103\u021bii utilizatorilor care viziteaz\u0103 site-ul nostru web (savaworks.com). Aceast\u0103 politic\u0103 explic\u0103 modul \u00een care sunt utilizate \u0219i protejate informa\u021biile colectate \u00een timpul utiliz\u0103rii site-ului nostru. \t\t\t\t\t<\/p>\n\t\t\t\t\n\t\t\t<\/div>\n\t\t\t\n\t\t<\/div>\n\t\t\t\t\t\t<\/div>\n\t\t\t\t<\/div>\n\t\t\t\t<div class=\"elementor-element elementor-element-86b884d elementor-widget__width-initial sc_fly_static elementor-widget elementor-widget-icon-box\" data-id=\"86b884d\" data-element_type=\"widget\" data-e-type=\"widget\" data-widget_type=\"icon-box.default\">\n\t\t\t\t<div class=\"elementor-widget-container\">\n\t\t\t\t\t\t\t<div class=\"elementor-icon-box-wrapper\">\n\n\t\t\t\n\t\t\t\t\t\t<div class=\"elementor-icon-box-content\">\n\n\t\t\t\t\t\t\t\t\t<h5 class=\"elementor-icon-box-title\">\n\t\t\t\t\t\t<span  >\n\t\t\t\t\t\t\t1. Informa\u021bii colectate\t\t\t\t\t\t<\/span>\n\t\t\t\t\t<\/h5>\n\t\t\t\t\n\t\t\t\t\t\t\t\t\t<p class=\"elementor-icon-box-description\">\n\t\t\t\t\t\tDatele dumneavoastr\u0103 de contact, cum ar fi numele, prenumele, adresa de e-mail, num\u0103rul de telefon \u0219i informa\u021biile despre companie, pe care le partaja\u021bi voluntar prin formularele de contact, sunt stocate \u00een siguran\u021b\u0103 \u00een sistemele noastre. Aceste informa\u021bii sunt utilizate exclusiv pentru a v\u0103 contacta \u0219i a r\u0103spunde solicit\u0103rilor dumneavoastr\u0103. \t\t\t\t\t<\/p>\n\t\t\t\t\n\t\t\t<\/div>\n\t\t\t\n\t\t<\/div>\n\t\t\t\t\t\t<\/div>\n\t\t\t\t<\/div>\n\t\t<div class=\"elementor-element elementor-element-18cb716 e-con-full e-flex sc_layouts_column_icons_position_left e-con e-child\" data-id=\"18cb716\" data-element_type=\"container\" data-e-type=\"container\">\n\t\t\t\t<div class=\"elementor-element elementor-element-68456cb elementor-widget__width-initial sc_fly_static elementor-widget elementor-widget-icon-box\" data-id=\"68456cb\" data-element_type=\"widget\" data-e-type=\"widget\" data-widget_type=\"icon-box.default\">\n\t\t\t\t<div class=\"elementor-widget-container\">\n\t\t\t\t\t\t\t<div class=\"elementor-icon-box-wrapper\">\n\n\t\t\t\n\t\t\t\t\t\t<div class=\"elementor-icon-box-content\">\n\n\t\t\t\t\t\t\t\t\t<h5 class=\"elementor-icon-box-title\">\n\t\t\t\t\t\t<span  >\n\t\t\t\t\t\t\t2. Utilizarea cookie-urilor\t\t\t\t\t\t<\/span>\n\t\t\t\t\t<\/h5>\n\t\t\t\t\n\t\t\t\t\t\t\t\t\t<p class=\"elementor-icon-box-description\">\n\t\t\t\t\t\tUtiliz\u0103m cookie-uri pentru a \u00eembun\u0103t\u0103\u021bi experien\u021ba dumneavoastr\u0103 pe site-ul nostru, pentru a analiza traficul site-ului \u0219i pentru a m\u0103sura performan\u021ba.\t\t\t\t\t<\/p>\n\t\t\t\t\n\t\t\t<\/div>\n\t\t\t\n\t\t<\/div>\n\t\t\t\t\t\t<\/div>\n\t\t\t\t<\/div>\n\t\t\t\t<div class=\"elementor-element elementor-element-325f7fb elementor-align-start elementor-widget__width-initial elementor-widget-mobile__width-auto elementor-icon-list--layout-traditional elementor-list-item-link-full_width sc_fly_static elementor-widget elementor-widget-icon-list\" data-id=\"325f7fb\" data-element_type=\"widget\" data-e-type=\"widget\" data-widget_type=\"icon-list.default\">\n\t\t\t\t<div class=\"elementor-widget-container\">\n\t\t\t\t\t\t\t<ul class=\"elementor-icon-list-items\">\n\t\t\t\t\t\t\t<li class=\"elementor-icon-list-item\">\n\t\t\t\t\t\t\t\t\t\t\t<span class=\"elementor-icon-list-icon\">\n\t\t\t\t\t\t\t<svg aria-hidden=\"true\" class=\"e-font-icon-svg e-fas-circle\" viewBox=\"0 0 512 512\" xmlns=\"http:\/\/www.w3.org\/2000\/svg\"><path d=\"M256 8C119 8 8 119 8 256s111 248 248 248 248-111 248-248S393 8 256 8z\"><\/path><\/svg>\t\t\t\t\t\t<\/span>\n\t\t\t\t\t\t\t\t\t\t<span class=\"elementor-icon-list-text\"><b>Cookie-uri esen\u021biale:<\/b> Necesare pentru func\u021bionarea func\u021biilor de baz\u0103 ale site-ului.<\/span>\n\t\t\t\t\t\t\t\t\t<\/li>\n\t\t\t\t\t\t<\/ul>\n\t\t\t\t\t\t<\/div>\n\t\t\t\t<\/div>\n\t\t\t\t<div class=\"elementor-element elementor-element-849f505 elementor-align-start elementor-widget__width-initial elementor-widget-mobile__width-auto elementor-icon-list--layout-traditional elementor-list-item-link-full_width sc_fly_static elementor-widget elementor-widget-icon-list\" data-id=\"849f505\" data-element_type=\"widget\" data-e-type=\"widget\" data-widget_type=\"icon-list.default\">\n\t\t\t\t<div class=\"elementor-widget-container\">\n\t\t\t\t\t\t\t<ul class=\"elementor-icon-list-items\">\n\t\t\t\t\t\t\t<li class=\"elementor-icon-list-item\">\n\t\t\t\t\t\t\t\t\t\t\t<span class=\"elementor-icon-list-icon\">\n\t\t\t\t\t\t\t<svg aria-hidden=\"true\" class=\"e-font-icon-svg e-fas-circle\" viewBox=\"0 0 512 512\" xmlns=\"http:\/\/www.w3.org\/2000\/svg\"><path d=\"M256 8C119 8 8 119 8 256s111 248 248 248 248-111 248-248S393 8 256 8z\"><\/path><\/svg>\t\t\t\t\t\t<\/span>\n\t\t\t\t\t\t\t\t\t\t<span class=\"elementor-icon-list-text\"><b>Cookie-uri analitice:<\/b> Ne ajut\u0103 s\u0103 \u00een\u021belegem cum utilizeaz\u0103 vizitatorii site-ul (ex. Google Analytics).<\/span>\n\t\t\t\t\t\t\t\t\t<\/li>\n\t\t\t\t\t\t<\/ul>\n\t\t\t\t\t\t<\/div>\n\t\t\t\t<\/div>\n\t\t\t\t<div class=\"elementor-element elementor-element-a563d16 elementor-align-start elementor-widget__width-initial elementor-widget-mobile__width-auto elementor-icon-list--layout-traditional elementor-list-item-link-full_width sc_fly_static elementor-widget elementor-widget-icon-list\" data-id=\"a563d16\" data-element_type=\"widget\" data-e-type=\"widget\" data-widget_type=\"icon-list.default\">\n\t\t\t\t<div class=\"elementor-widget-container\">\n\t\t\t\t\t\t\t<ul class=\"elementor-icon-list-items\">\n\t\t\t\t\t\t\t<li class=\"elementor-icon-list-item\">\n\t\t\t\t\t\t\t\t\t\t<span class=\"elementor-icon-list-text\">Pute\u021bi restric\u021biona sau dezactiva complet utilizarea cookie-urilor oric\u00e2nd din set\u0103rile browserului dumneavoastr\u0103.<\/span>\n\t\t\t\t\t\t\t\t\t<\/li>\n\t\t\t\t\t\t<\/ul>\n\t\t\t\t\t\t<\/div>\n\t\t\t\t<\/div>\n\t\t\t\t<\/div>\n\t\t\t\t<div class=\"elementor-element elementor-element-02617a6 elementor-widget__width-initial sc_fly_static elementor-widget elementor-widget-icon-box\" data-id=\"02617a6\" data-element_type=\"widget\" data-e-type=\"widget\" data-widget_type=\"icon-box.default\">\n\t\t\t\t<div class=\"elementor-widget-container\">\n\t\t\t\t\t\t\t<div class=\"elementor-icon-box-wrapper\">\n\n\t\t\t\n\t\t\t\t\t\t<div class=\"elementor-icon-box-content\">\n\n\t\t\t\t\t\t\t\t\t<h5 class=\"elementor-icon-box-title\">\n\t\t\t\t\t\t<span  >\n\t\t\t\t\t\t\t3. Securitatea datelor\t\t\t\t\t\t<\/span>\n\t\t\t\t\t<\/h5>\n\t\t\t\t\n\t\t\t\t\t\t\t\t\t<p class=\"elementor-icon-box-description\">\n\t\t\t\t\t\tSite-ul nostru este protejat prin tehnologia SSL (Secure Socket Layer), iar toate informa\u021biile pe care le partaja\u021bi cu noi sunt transmise criptat. Informa\u021biile dumneavoastr\u0103 nu sunt partajate sau v\u00e2ndute \u00een scopuri comerciale c\u0103tre ter\u021bi sau institu\u021bii, cu excep\u021bia obliga\u021biilor legale. \t\t\t\t\t<\/p>\n\t\t\t\t\n\t\t\t<\/div>\n\t\t\t\n\t\t<\/div>\n\t\t\t\t\t\t<\/div>\n\t\t\t\t<\/div>\n\t\t\t\t<div class=\"elementor-element elementor-element-3412299 elementor-widget__width-initial sc_fly_static elementor-widget elementor-widget-icon-box\" data-id=\"3412299\" data-element_type=\"widget\" data-e-type=\"widget\" data-widget_type=\"icon-box.default\">\n\t\t\t\t<div class=\"elementor-widget-container\">\n\t\t\t\t\t\t\t<div class=\"elementor-icon-box-wrapper\">\n\n\t\t\t\n\t\t\t\t\t\t<div class=\"elementor-icon-box-content\">\n\n\t\t\t\t\t\t\t\t\t<h5 class=\"elementor-icon-box-title\">\n\t\t\t\t\t\t<span  >\n\t\t\t\t\t\t\t4. Actualiz\u0103ri ale politicii\t\t\t\t\t\t<\/span>\n\t\t\t\t\t<\/h5>\n\t\t\t\t\n\t\t\t\t\t\t\t\t\t<p class=\"elementor-icon-box-description\">\n\t\t\t\t\t\tSAVAWORKS \u00ee\u0219i rezerv\u0103 dreptul de a actualiza aceast\u0103 politic\u0103 de confiden\u021bialitate f\u0103r\u0103 notificare prealabil\u0103, \u00een conformitate cu legisla\u021bia \u00een vigoare sau cu modific\u0103rile politicilor de servicii.\t\t\t\t\t<\/p>\n\t\t\t\t\n\t\t\t<\/div>\n\t\t\t\n\t\t<\/div>\n\t\t\t\t\t\t<\/div>\n\t\t\t\t<\/div>\n\t\t\t\t<\/div>\n\t\t\t\t<\/div>\n\t\t\t\t<\/div>\n\t\t\t\t<\/div>\n\t\t","protected":false},"excerpt":{"rendered":"<p>Politica de confiden\u021bialitate POLITICA DE CONFIDEN\u021aIALITATE \u0218I COOKIE-URI SAVAWORKS La SAVAWORKS, acord\u0103m o&hellip;<\/p>\n","protected":false},"author":1,"featured_media":0,"parent":0,"menu_order":0,"comment_status":"closed","ping_status":"open","template":"","meta":{"footnotes":""},"class_list":["post-6187","page","type-page","status-publish","hentry"],"_links":{"self":[{"href":"https:\/\/www.savaworks.com\/ro\/wp-json\/wp\/v2\/pages\/6187","targetHints":{"allow":["GET"]}}],"collection":[{"href":"https:\/\/www.savaworks.com\/ro\/wp-json\/wp\/v2\/pages"}],"about":[{"href":"https:\/\/www.savaworks.com\/ro\/wp-json\/wp\/v2\/types\/page"}],"author":[{"embeddable":true,"href":"https:\/\/www.savaworks.com\/ro\/wp-json\/wp\/v2\/users\/1"}],"replies":[{"embeddable":true,"href":"https:\/\/www.savaworks.com\/ro\/wp-json\/wp\/v2\/comments?post=6187"}],"version-history":[{"count":1,"href":"https:\/\/www.savaworks.com\/ro\/wp-json\/wp\/v2\/pages\/6187\/revisions"}],"predecessor-version":[{"id":6188,"href":"https:\/\/www.savaworks.com\/ro\/wp-json\/wp\/v2\/pages\/6187\/revisions\/6188"}],"wp:attachment":[{"href":"https:\/\/www.savaworks.com\/ro\/wp-json\/wp\/v2\/media?parent=6187"}],"curies":[{"name":"wp","href":"https:\/\/api.w.org\/{rel}","templated":true}]}}