{"id":6996,"date":"2024-10-15T06:15:14","date_gmt":"2024-10-15T03:15:14","guid":{"rendered":"https:\/\/www.savaworks.com\/services\/"},"modified":"2026-04-11T02:26:20","modified_gmt":"2026-04-10T23:26:20","slug":"services","status":"publish","type":"page","link":"https:\/\/www.savaworks.com\/fr\/services\/","title":{"rendered":"Services"},"content":{"rendered":"\t\t<div data-elementor-type=\"wp-page\" data-elementor-id=\"6996\" class=\"elementor elementor-6996 elementor-215\">\n\t\t\t\t<div class=\"e-con-gap-no elementor-element elementor-element-3fe362a e-flex e-con-boxed sc_layouts_column_icons_position_left e-con e-parent\" data-id=\"3fe362a\" data-element_type=\"container\" data-e-type=\"container\">\n\t\t\t\t\t<div class=\"e-con-inner\">\n\t\t<div class=\"elementor-element elementor-element-785f26f e-con-full e-flex sc_layouts_column_icons_position_left e-con e-child\" data-id=\"785f26f\" data-element_type=\"container\" data-e-type=\"container\">\n\t\t\t\t<div data-animation-type=\"block\" class=\"elementor-element elementor-element-796db1f animation_type_block sc_fly_static elementor-invisible elementor-widget elementor-widget-heading\" data-id=\"796db1f\" data-element_type=\"widget\" data-e-type=\"widget\" data-settings=\"{&quot;_animation&quot;:&quot;ta_fadeinup&quot;}\" data-widget_type=\"heading.default\">\n\t\t\t\t<div class=\"elementor-widget-container\">\n\t\t\t\t\t<h6 class=\"elementor-heading-title elementor-size-default\">Nos Services<\/h6>\t\t\t\t<\/div>\n\t\t\t\t<\/div>\n\t\t\t\t<div data-animation-type=\"line\" data-animation-stagger=\"80\" class=\"elementor-element elementor-element-90f4d5e animation_type_line sc_fly_static elementor-invisible elementor-widget elementor-widget-trx_elm_advanced_title\" data-id=\"90f4d5e\" data-element_type=\"widget\" data-e-type=\"widget\" data-settings=\"{&quot;_animation&quot;:&quot;ta_fadeinup&quot;,&quot;_animation_delay&quot;:100}\" data-widget_type=\"trx_elm_advanced_title.default\">\n\t\t\t\t<div class=\"elementor-widget-container\">\n\t\t\t\t\t<h1 class=\"trx-addons-advanced-title\" >\n<span class=\"trx-addons-advanced-title-item trx-addons-advanced-title-item-text elementor-repeater-item-8818021\">Pour votre s\u00e9curit\u00e9<\/span>\n<span class=\"trx-addons-advanced-title-item trx-addons-advanced-title-item-text elementor-repeater-item-f4d33a4\">Solutions de Bout en Bout<\/span><\/h1>\t\t\t\t<\/div>\n\t\t\t\t<\/div>\n\t\t\t\t<\/div>\n\t\t\t\t\t<\/div>\n\t\t\t\t<\/div>\n\t\t<div data-animation-type=\"block\" class=\"elementor-element elementor-element-32897e0 e-flex e-con-boxed sc_layouts_column_icons_position_left animation_type_block elementor-invisible e-con e-parent\" data-id=\"32897e0\" data-element_type=\"container\" data-e-type=\"container\" data-settings=\"{&quot;animation&quot;:&quot;fadeInUp&quot;,&quot;animation_delay&quot;:300}\">\n\t\t\t\t\t<div class=\"e-con-inner\">\n\t\t<div data-stack-section-zoom-value=\"0.9\" data-stack-section-transparency-value=\"0\" data-stack-section-blur-value=\"10\" class=\"elementor-element elementor-element-3835aa3 e-con-full sc_stack_section_on sc_stack_section_zoom_on e-flex sc_layouts_column_icons_position_left sc_stack_section_effect_slide e-con e-child\" data-id=\"3835aa3\" data-element_type=\"container\" data-e-type=\"container\" data-settings=\"{&quot;background_background&quot;:&quot;classic&quot;}\">\n\t\t<div class=\"elementor-element elementor-element-250530c e-con-full e-flex sc_layouts_column_icons_position_left e-con e-child\" data-id=\"250530c\" data-element_type=\"container\" data-e-type=\"container\">\n\t\t<div class=\"elementor-element elementor-element-b8333f9 e-con-full e-flex sc_layouts_column_icons_position_left e-con e-child\" data-id=\"b8333f9\" data-element_type=\"container\" data-e-type=\"container\">\n\t\t\t\t<div class=\"elementor-element elementor-element-c703239 sc_fly_static elementor-widget elementor-widget-heading\" data-id=\"c703239\" data-element_type=\"widget\" data-e-type=\"widget\" data-widget_type=\"heading.default\">\n\t\t\t\t<div class=\"elementor-widget-container\">\n\t\t\t\t\t<h2 class=\"elementor-heading-title elementor-size-default\"><a href=\"https:\/\/www.savaworks.com\/fr\/services\/systemes-de-travail-en-hauteur\/\">Syst\u00e8mes de Travail en Hauteur<\/a><\/h2>\t\t\t\t<\/div>\n\t\t\t\t<\/div>\n\t\t\t\t<div class=\"elementor-element elementor-element-d951657 sc_fly_static elementor-widget elementor-widget-text-editor\" data-id=\"d951657\" data-element_type=\"widget\" data-e-type=\"widget\" data-widget_type=\"text-editor.default\">\n\t\t\t\t<div class=\"elementor-widget-container\">\n\t\t\t\t\t\t\t\t\t<p>Solutions d&rsquo;ing\u00e9nierie \u00e9liminant le risque de chute dans les installations industrielles et les structures de grande hauteur. Filets de S\u00e9curit\u00e9 <strong>\u00b7<\/strong> Syst\u00e8mes de Garde-corps \u00b7 Barri\u00e8res <strong>\u00b7<\/strong> Passerelles de Circulation<\/p>\t\t\t\t\t\t\t\t<\/div>\n\t\t\t\t<\/div>\n\t\t\t\t<\/div>\n\t\t\t\t<div class=\"elementor-element elementor-element-b4c6210 sc_fly_static elementor-widget elementor-widget-heading\" data-id=\"b4c6210\" data-element_type=\"widget\" data-e-type=\"widget\" data-widget_type=\"heading.default\">\n\t\t\t\t<div class=\"elementor-widget-container\">\n\t\t\t\t\t<h6 class=\"elementor-heading-title elementor-size-default\"><a href=\"https:\/\/www.savaworks.com\/fr\/services\/systemes-de-travail-en-hauteur\/\">En savoir plus<\/a><\/h6>\t\t\t\t<\/div>\n\t\t\t\t<\/div>\n\t\t\t\t<\/div>\n\t\t<div class=\"elementor-element elementor-element-2efd805 e-con-full e-grid sc_layouts_column_icons_position_left e-con e-child\" data-id=\"2efd805\" data-element_type=\"container\" data-e-type=\"container\">\n\t\t\t\t<div class=\"elementor-element elementor-element-22aa136 sc_fly_static elementor-widget elementor-widget-image\" data-id=\"22aa136\" data-element_type=\"widget\" data-e-type=\"widget\" data-widget_type=\"image.default\">\n\t\t\t\t<div class=\"elementor-widget-container\">\n\t\t\t\t\t\t\t\t\t\t\t\t\t\t\t<img decoding=\"async\" src=\"https:\/\/www.savaworks.com\/wp-content\/uploads\/elementor\/thumbs\/Yuksekte-Calisma-Sistemleri-rk1013qpygzqeeph02dfugwhrfu8k5z3xpkpuaddm2.jpg\" title=\"Syst\u00e8mes de Travail en Hauteur\" alt=\"Syst\u00e8mes de Travail en Hauteur\" loading=\"lazy\" \/>\t\t\t\t\t\t\t\t\t\t\t\t\t\t\t<\/div>\n\t\t\t\t<\/div>\n\t\t\t\t<\/div>\n\t\t\t\t<\/div>\n\t\t<div data-stack-section-zoom-value=\"0.9\" data-stack-section-transparency-value=\"0\" data-stack-section-blur-value=\"10\" class=\"elementor-element elementor-element-23994c1 e-con-full sc_stack_section_on sc_stack_section_zoom_on e-flex sc_layouts_column_icons_position_left sc_stack_section_effect_slide e-con e-child\" data-id=\"23994c1\" data-element_type=\"container\" data-e-type=\"container\" data-settings=\"{&quot;background_background&quot;:&quot;classic&quot;}\">\n\t\t<div class=\"elementor-element elementor-element-a8b8032 e-con-full e-flex sc_layouts_column_icons_position_left e-con e-child\" data-id=\"a8b8032\" data-element_type=\"container\" data-e-type=\"container\">\n\t\t<div class=\"elementor-element elementor-element-100f194 e-con-full e-flex sc_layouts_column_icons_position_left e-con e-child\" data-id=\"100f194\" data-element_type=\"container\" data-e-type=\"container\">\n\t\t\t\t<div class=\"elementor-element elementor-element-0ea544f sc_fly_static elementor-widget elementor-widget-heading\" data-id=\"0ea544f\" data-element_type=\"widget\" data-e-type=\"widget\" data-widget_type=\"heading.default\">\n\t\t\t\t<div class=\"elementor-widget-container\">\n\t\t\t\t\t<h2 class=\"elementor-heading-title elementor-size-default\"><a href=\"https:\/\/www.savaworks.com\/fr\/services\/systemes-de-ligne-de-vie\/\">Syst\u00e8mes de Ligne de Vie<\/a><\/h2>\t\t\t\t<\/div>\n\t\t\t\t<\/div>\n\t\t\t\t<div class=\"elementor-element elementor-element-14a72c5 sc_fly_static elementor-widget elementor-widget-text-editor\" data-id=\"14a72c5\" data-element_type=\"widget\" data-e-type=\"widget\" data-widget_type=\"text-editor.default\">\n\t\t\t\t<div class=\"elementor-widget-container\">\n\t\t\t\t\t\t\t\t\t<p>Nous concevons et installons des syst\u00e8mes qui assurent une protection maximale sans restreindre la libert\u00e9 de mouvement de vos employ\u00e9s. Ligne de Vie Horizontale \u00b7 Ligne de Vie Verticale \u00b7 Syst\u00e8mes Mobiles \u00b7 Ligne de Vie sur Rail \u00b7 Points d&rsquo;Ancrage<\/p>\t\t\t\t\t\t\t\t<\/div>\n\t\t\t\t<\/div>\n\t\t\t\t<\/div>\n\t\t\t\t<div class=\"elementor-element elementor-element-3514a25 sc_fly_static elementor-widget elementor-widget-heading\" data-id=\"3514a25\" data-element_type=\"widget\" data-e-type=\"widget\" data-widget_type=\"heading.default\">\n\t\t\t\t<div class=\"elementor-widget-container\">\n\t\t\t\t\t<h6 class=\"elementor-heading-title elementor-size-default\"><a href=\"https:\/\/www.savaworks.com\/fr\/services\/systemes-de-ligne-de-vie\/\">En savoir plus<\/a><\/h6>\t\t\t\t<\/div>\n\t\t\t\t<\/div>\n\t\t\t\t<\/div>\n\t\t<div class=\"elementor-element elementor-element-ea30899 e-con-full e-grid sc_layouts_column_icons_position_left e-con e-child\" data-id=\"ea30899\" data-element_type=\"container\" data-e-type=\"container\">\n\t\t\t\t<div class=\"elementor-element elementor-element-79f7969 sc_fly_static elementor-widget elementor-widget-image\" data-id=\"79f7969\" data-element_type=\"widget\" data-e-type=\"widget\" data-widget_type=\"image.default\">\n\t\t\t\t<div class=\"elementor-widget-container\">\n\t\t\t\t\t\t\t\t\t\t\t\t\t\t\t<img decoding=\"async\" src=\"https:\/\/www.savaworks.com\/wp-content\/uploads\/elementor\/thumbs\/McyHU6nvVoSFqPASJCVNX_RoVijquh_00001-rk7y06sx1c27sv18nyx1hkxydshtvrpvv1nf2jc6qy.jpg\" title=\"ya\u015fam hatt\u0131\" alt=\"ya\u015fam hatt\u0131\" loading=\"lazy\" \/>\t\t\t\t\t\t\t\t\t\t\t\t\t\t\t<\/div>\n\t\t\t\t<\/div>\n\t\t\t\t<\/div>\n\t\t\t\t<\/div>\n\t\t<div data-stack-section-zoom-value=\"0.9\" data-stack-section-transparency-value=\"0\" data-stack-section-blur-value=\"10\" class=\"elementor-element elementor-element-48b647d e-con-full sc_stack_section_on sc_stack_section_zoom_on e-flex sc_layouts_column_icons_position_left sc_stack_section_effect_slide e-con e-child\" data-id=\"48b647d\" data-element_type=\"container\" data-e-type=\"container\" data-settings=\"{&quot;background_background&quot;:&quot;classic&quot;}\">\n\t\t<div class=\"elementor-element elementor-element-4898edb e-con-full e-flex sc_layouts_column_icons_position_left e-con e-child\" data-id=\"4898edb\" data-element_type=\"container\" data-e-type=\"container\">\n\t\t<div class=\"elementor-element elementor-element-d4c4d87 e-con-full e-flex sc_layouts_column_icons_position_left e-con e-child\" data-id=\"d4c4d87\" data-element_type=\"container\" data-e-type=\"container\">\n\t\t\t\t<div class=\"elementor-element elementor-element-2175692 sc_fly_static elementor-widget elementor-widget-heading\" data-id=\"2175692\" data-element_type=\"widget\" data-e-type=\"widget\" data-widget_type=\"heading.default\">\n\t\t\t\t<div class=\"elementor-widget-container\">\n\t\t\t\t\t<h2 class=\"elementor-heading-title elementor-size-default\"><a href=\"https:\/\/www.savaworks.com\/fr\/services\/services-dacces-par-cordes\/\">Services d'Acc\u00e8s par Cordes<\/a><\/h2>\t\t\t\t<\/div>\n\t\t\t\t<\/div>\n\t\t\t\t<div class=\"elementor-element elementor-element-895fb48 sc_fly_static elementor-widget elementor-widget-text-editor\" data-id=\"895fb48\" data-element_type=\"widget\" data-e-type=\"widget\" data-widget_type=\"text-editor.default\">\n\t\t\t\t<div class=\"elementor-widget-container\">\n\t\t\t\t\t\t\t\t\tSolutions d&rsquo;acc\u00e8s rapide \u00e9liminant les co\u00fbts d&rsquo;\u00e9chafaudages et de grues. Nous menons des op\u00e9rations s\u00e9curis\u00e9es dans les zones inaccessibles. Inspection CND \u00b7 Maintenance &amp; Montage \u00b7 Protection de Surface \u00b7 Services de Sauvetage \t\t\t\t\t\t\t\t<\/div>\n\t\t\t\t<\/div>\n\t\t\t\t<\/div>\n\t\t\t\t<div class=\"elementor-element elementor-element-a8b0e5f sc_fly_static elementor-widget elementor-widget-heading\" data-id=\"a8b0e5f\" data-element_type=\"widget\" data-e-type=\"widget\" data-widget_type=\"heading.default\">\n\t\t\t\t<div class=\"elementor-widget-container\">\n\t\t\t\t\t<h6 class=\"elementor-heading-title elementor-size-default\"><a href=\"https:\/\/www.savaworks.com\/fr\/services\/services-dacces-par-cordes\/\">En savoir plus<\/a><\/h6>\t\t\t\t<\/div>\n\t\t\t\t<\/div>\n\t\t\t\t<\/div>\n\t\t<div class=\"elementor-element elementor-element-ef1338f e-con-full e-grid sc_layouts_column_icons_position_left e-con e-child\" data-id=\"ef1338f\" data-element_type=\"container\" data-e-type=\"container\">\n\t\t\t\t<div class=\"elementor-element elementor-element-6609594 sc_fly_static elementor-widget elementor-widget-image\" data-id=\"6609594\" data-element_type=\"widget\" data-e-type=\"widget\" data-widget_type=\"image.default\">\n\t\t\t\t<div class=\"elementor-widget-container\">\n\t\t\t\t\t\t\t\t\t\t\t\t\t\t\t<img decoding=\"async\" src=\"https:\/\/www.savaworks.com\/wp-content\/uploads\/elementor\/thumbs\/Iple-Erisim-Hizmetleri--scaled-rk93bvx1vklvaq2jk19wv5zpe7tmlvrx2gr9ahiip6.jpg\" title=\"Iple-Erisim-Hizmetleri-\" alt=\"Iple-Erisim-Hizmetleri-\" loading=\"lazy\" \/>\t\t\t\t\t\t\t\t\t\t\t\t\t\t\t<\/div>\n\t\t\t\t<\/div>\n\t\t\t\t<\/div>\n\t\t\t\t<\/div>\n\t\t<div data-stack-section-zoom-value=\"0.9\" data-stack-section-transparency-value=\"0\" data-stack-section-blur-value=\"10\" class=\"elementor-element elementor-element-2f6fee4 e-con-full sc_stack_section_on sc_stack_section_zoom_on e-flex sc_layouts_column_icons_position_left sc_stack_section_effect_slide e-con e-child\" data-id=\"2f6fee4\" data-element_type=\"container\" data-e-type=\"container\" data-settings=\"{&quot;background_background&quot;:&quot;classic&quot;}\">\n\t\t<div class=\"elementor-element elementor-element-d793ee5 e-con-full e-flex sc_layouts_column_icons_position_left e-con e-child\" data-id=\"d793ee5\" data-element_type=\"container\" data-e-type=\"container\">\n\t\t<div class=\"elementor-element elementor-element-013cdd4 e-con-full e-flex sc_layouts_column_icons_position_left e-con e-child\" data-id=\"013cdd4\" data-element_type=\"container\" data-e-type=\"container\">\n\t\t\t\t<div class=\"elementor-element elementor-element-075d227 sc_fly_static elementor-widget elementor-widget-heading\" data-id=\"075d227\" data-element_type=\"widget\" data-e-type=\"widget\" data-widget_type=\"heading.default\">\n\t\t\t\t<div class=\"elementor-widget-container\">\n\t\t\t\t\t<h2 class=\"elementor-heading-title elementor-size-default\"><a href=\"https:\/\/www.savaworks.com\/fr\/services\/energies-renouvelables-et-ingenierie\/\">\u00c9nergies Renouvelables et Ing\u00e9nierie<\/a><\/h2>\t\t\t\t<\/div>\n\t\t\t\t<\/div>\n\t\t\t\t<div class=\"elementor-element elementor-element-7ae3713 sc_fly_static elementor-widget elementor-widget-text-editor\" data-id=\"7ae3713\" data-element_type=\"widget\" data-e-type=\"widget\" data-widget_type=\"text-editor.default\">\n\t\t\t\t<div class=\"elementor-widget-container\">\n\t\t\t\t\t\t\t\t\tNous offrons des services de bout en bout pour les centrales solaires, de l&rsquo;ing\u00e9nierie \u00e0 la maintenance, en passant par le nettoyage et l&rsquo;inspection a\u00e9rienne. EPC Photovolta\u00efque \u00b7 Maintenance et R\u00e9paration PV \u00b7 Nettoyage PV \u00b7 Drone Thermique\t\t\t\t\t\t\t\t<\/div>\n\t\t\t\t<\/div>\n\t\t\t\t<\/div>\n\t\t\t\t<div class=\"elementor-element elementor-element-4c9931c sc_fly_static elementor-widget elementor-widget-heading\" data-id=\"4c9931c\" data-element_type=\"widget\" data-e-type=\"widget\" data-widget_type=\"heading.default\">\n\t\t\t\t<div class=\"elementor-widget-container\">\n\t\t\t\t\t<h6 class=\"elementor-heading-title elementor-size-default\"><a href=\"https:\/\/www.savaworks.com\/fr\/services\/energies-renouvelables-et-ingenierie\/\">En savoir plus<\/a><\/h6>\t\t\t\t<\/div>\n\t\t\t\t<\/div>\n\t\t\t\t<\/div>\n\t\t<div class=\"elementor-element elementor-element-eb6df40 e-con-full e-grid sc_layouts_column_icons_position_left e-con e-child\" data-id=\"eb6df40\" data-element_type=\"container\" data-e-type=\"container\">\n\t\t\t\t<div class=\"elementor-element elementor-element-d948ee4 sc_fly_static elementor-widget elementor-widget-image\" data-id=\"d948ee4\" data-element_type=\"widget\" data-e-type=\"widget\" data-widget_type=\"image.default\">\n\t\t\t\t<div class=\"elementor-widget-container\">\n\t\t\t\t\t\t\t\t\t\t\t\t\t\t\t<img decoding=\"async\" src=\"https:\/\/www.savaworks.com\/wp-content\/uploads\/elementor\/thumbs\/Yenilenebilir-Enerji-ve-Muhendislik-rk10344akpqt8dsc9fnpogmzi3xi0uyfvnt3sle2ay.jpg\" title=\"\u00c9nergies Renouvelables et Ing\u00e9nierie\" alt=\"\u00c9nergies Renouvelables et Ing\u00e9nierie\" loading=\"lazy\" \/>\t\t\t\t\t\t\t\t\t\t\t\t\t\t\t<\/div>\n\t\t\t\t<\/div>\n\t\t\t\t<\/div>\n\t\t\t\t<\/div>\n\t\t<div data-stack-section-zoom-value=\"0.9\" data-stack-section-transparency-value=\"0\" data-stack-section-blur-value=\"10\" class=\"elementor-element elementor-element-6231d30 e-con-full sc_stack_section_on sc_stack_section_zoom_on e-flex sc_layouts_column_icons_position_left sc_stack_section_effect_slide e-con e-child\" data-id=\"6231d30\" data-element_type=\"container\" data-e-type=\"container\" data-settings=\"{&quot;background_background&quot;:&quot;classic&quot;}\">\n\t\t<div class=\"elementor-element elementor-element-6e46e09 e-con-full e-flex sc_layouts_column_icons_position_left e-con e-child\" data-id=\"6e46e09\" data-element_type=\"container\" data-e-type=\"container\">\n\t\t<div class=\"elementor-element elementor-element-b1a9e2a e-con-full e-flex sc_layouts_column_icons_position_left e-con e-child\" data-id=\"b1a9e2a\" data-element_type=\"container\" data-e-type=\"container\">\n\t\t\t\t<div class=\"elementor-element elementor-element-4dd4a69 sc_fly_static elementor-widget elementor-widget-heading\" data-id=\"4dd4a69\" data-element_type=\"widget\" data-e-type=\"widget\" data-widget_type=\"heading.default\">\n\t\t\t\t<div class=\"elementor-widget-container\">\n\t\t\t\t\t<h2 class=\"elementor-heading-title elementor-size-default\"><a href=\"https:\/\/www.savaworks.com\/fr\/services\/formation-et-conseil\/\">Formation et Conseil<\/a><\/h2>\t\t\t\t<\/div>\n\t\t\t\t<\/div>\n\t\t\t\t<div class=\"elementor-element elementor-element-53e1885 sc_fly_static elementor-widget elementor-widget-text-editor\" data-id=\"53e1885\" data-element_type=\"widget\" data-e-type=\"widget\" data-widget_type=\"text-editor.default\">\n\t\t\t\t<div class=\"elementor-widget-container\">\n\t\t\t\t\t\t\t\t\t<p>Nous formons des professionnels comp\u00e9tents et s\u00fbrs pour le secteur gr\u00e2ce \u00e0 des programmes certifi\u00e9s aux normes internationales. IRATA\/SPRAT \u00b7 Sauvetage \u00b7 Travail en Hauteur \u00b7 Milieu Confin\u00e9 \u00b7 Incendie \u00b7 Premiers Secours<\/p>\t\t\t\t\t\t\t\t<\/div>\n\t\t\t\t<\/div>\n\t\t\t\t<\/div>\n\t\t\t\t<div class=\"elementor-element elementor-element-d8cf4f8 sc_fly_static elementor-widget elementor-widget-heading\" data-id=\"d8cf4f8\" data-element_type=\"widget\" data-e-type=\"widget\" data-widget_type=\"heading.default\">\n\t\t\t\t<div class=\"elementor-widget-container\">\n\t\t\t\t\t<h6 class=\"elementor-heading-title elementor-size-default\"><a href=\"https:\/\/www.savaworks.com\/fr\/services\/formation-et-conseil\/\">En savoir plus<\/a><\/h6>\t\t\t\t<\/div>\n\t\t\t\t<\/div>\n\t\t\t\t<\/div>\n\t\t<div class=\"elementor-element elementor-element-60360da e-con-full e-grid sc_layouts_column_icons_position_left e-con e-child\" data-id=\"60360da\" data-element_type=\"container\" data-e-type=\"container\">\n\t\t\t\t<div class=\"elementor-element elementor-element-c149d18 sc_fly_static elementor-widget elementor-widget-image\" data-id=\"c149d18\" data-element_type=\"widget\" data-e-type=\"widget\" data-widget_type=\"image.default\">\n\t\t\t\t<div class=\"elementor-widget-container\">\n\t\t\t\t\t\t\t\t\t\t\t\t\t\t\t<img decoding=\"async\" src=\"https:\/\/www.savaworks.com\/wp-content\/uploads\/elementor\/thumbs\/Egitim-ve-Danismanlik-rk103k3jswcopr54o4kdcultlnqqnppvluwcyaqdd6.jpg\" title=\"Formation et Conseil\" alt=\"Formation et Conseil\" loading=\"lazy\" \/>\t\t\t\t\t\t\t\t\t\t\t\t\t\t\t<\/div>\n\t\t\t\t<\/div>\n\t\t\t\t<\/div>\n\t\t\t\t<\/div>\n\t\t\t\t\t<\/div>\n\t\t\t\t<\/div>\n\t\t<div class=\"elementor-element elementor-element-12213e2b e-flex e-con-boxed sc_layouts_column_icons_position_left e-con e-child\" data-id=\"12213e2b\" data-element_type=\"container\" data-e-type=\"container\" data-settings=\"{&quot;background_background&quot;:&quot;classic&quot;}\">\n\t\t\t\t\t<div class=\"e-con-inner\">\n\t\t\t\t<div data-animation-type=\"block\" class=\"elementor-element elementor-element-7a5a3280 animated-slow animation_type_block sc_fly_static elementor-invisible elementor-widget elementor-widget-heading\" data-id=\"7a5a3280\" data-element_type=\"widget\" data-e-type=\"widget\" data-settings=\"{&quot;_animation&quot;:&quot;ta_fadein&quot;}\" data-widget_type=\"heading.default\">\n\t\t\t\t<div class=\"elementor-widget-container\">\n\t\t\t\t\t<h4 class=\"elementor-heading-title elementor-size-default\">Trouvons ensemble la solution id\u00e9ale pour votre projet.<\/h4>\t\t\t\t<\/div>\n\t\t\t\t<\/div>\n\t\t\t\t\t<\/div>\n\t\t\t\t<\/div>\n\t\t\t\t<\/div>\n\t\t","protected":false},"excerpt":{"rendered":"<p>Nos Services Pour votre s\u00e9curit\u00e9 Solutions de Bout en Bout Syst\u00e8mes de Travail&hellip;<\/p>\n","protected":false},"author":1,"featured_media":0,"parent":0,"menu_order":0,"comment_status":"closed","ping_status":"closed","template":"","meta":{"footnotes":""},"class_list":["post-6996","page","type-page","status-publish","hentry"],"_links":{"self":[{"href":"https:\/\/www.savaworks.com\/fr\/wp-json\/wp\/v2\/pages\/6996","targetHints":{"allow":["GET"]}}],"collection":[{"href":"https:\/\/www.savaworks.com\/fr\/wp-json\/wp\/v2\/pages"}],"about":[{"href":"https:\/\/www.savaworks.com\/fr\/wp-json\/wp\/v2\/types\/page"}],"author":[{"embeddable":true,"href":"https:\/\/www.savaworks.com\/fr\/wp-json\/wp\/v2\/users\/1"}],"replies":[{"embeddable":true,"href":"https:\/\/www.savaworks.com\/fr\/wp-json\/wp\/v2\/comments?post=6996"}],"version-history":[{"count":10,"href":"https:\/\/www.savaworks.com\/fr\/wp-json\/wp\/v2\/pages\/6996\/revisions"}],"predecessor-version":[{"id":7154,"href":"https:\/\/www.savaworks.com\/fr\/wp-json\/wp\/v2\/pages\/6996\/revisions\/7154"}],"wp:attachment":[{"href":"https:\/\/www.savaworks.com\/fr\/wp-json\/wp\/v2\/media?parent=6996"}],"curies":[{"name":"wp","href":"https:\/\/api.w.org\/{rel}","templated":true}]}}