{"id":6994,"date":"2024-09-16T09:34:31","date_gmt":"2024-09-16T06:34:31","guid":{"rendered":"https:\/\/www.savaworks.com\/politique-de-confidentialite\/"},"modified":"2026-04-10T21:27:35","modified_gmt":"2026-04-10T18:27:35","slug":"politique-de-confidentialite","status":"publish","type":"page","link":"https:\/\/www.savaworks.com\/fr\/politique-de-confidentialite\/","title":{"rendered":"Politique de Confidentialit\u00e9"},"content":{"rendered":"\t\t<div data-elementor-type=\"wp-page\" data-elementor-id=\"6994\" class=\"elementor elementor-6994 elementor-3\">\n\t\t\t\t<div data-animation-type=\"block\" class=\"elementor-element elementor-element-1f70034 e-con-full e-flex sc_layouts_column_icons_position_left e-con e-parent\" data-id=\"1f70034\" data-element_type=\"container\" data-e-type=\"container\" data-settings=\"{&quot;animation&quot;:&quot;none&quot;}\">\n\t\t<div class=\"elementor-element elementor-element-a9b28c6 e-con-full sc-tablet_inner_width_none e-flex sc_layouts_column_icons_position_left e-con e-child\" data-id=\"a9b28c6\" data-element_type=\"container\" data-e-type=\"container\">\n\t\t\t\t<div class=\"elementor-element elementor-element-e83205c sc_fly_static elementor-widget elementor-widget-heading\" data-id=\"e83205c\" data-element_type=\"widget\" data-e-type=\"widget\" data-widget_type=\"heading.default\">\n\t\t\t\t<div class=\"elementor-widget-container\">\n\t\t\t\t\t<h6 class=\"elementor-heading-title elementor-size-default\">Politique de Confidentialit\u00e9<\/h6>\t\t\t\t<\/div>\n\t\t\t\t<\/div>\n\t\t\t\t<div data-animation-type=\"block\" class=\"elementor-element elementor-element-4cfb8e6 elementor-widget__width-initial sc_fly_static elementor-widget elementor-widget-heading\" data-id=\"4cfb8e6\" data-element_type=\"widget\" data-e-type=\"widget\" data-settings=\"{&quot;_animation&quot;:&quot;none&quot;,&quot;_animation_delay&quot;:100}\" data-widget_type=\"heading.default\">\n\t\t\t\t<div class=\"elementor-widget-container\">\n\t\t\t\t\t<h4 class=\"elementor-heading-title elementor-size-default\">POLITIQUE DE CONFIDENTIALIT\u00c9 ET DE COOKIES DE SAVAWORKS<\/h4>\t\t\t\t<\/div>\n\t\t\t\t<\/div>\n\t\t<div class=\"elementor-element elementor-element-bad0ea8 e-con-full e-flex sc_layouts_column_icons_position_left e-con e-child\" data-id=\"bad0ea8\" data-element_type=\"container\" data-e-type=\"container\">\n\t\t\t\t<div class=\"elementor-element elementor-element-85e613d elementor-widget__width-initial sc_fly_static elementor-widget elementor-widget-icon-box\" data-id=\"85e613d\" data-element_type=\"widget\" data-e-type=\"widget\" data-widget_type=\"icon-box.default\">\n\t\t\t\t<div class=\"elementor-widget-container\">\n\t\t\t\t\t\t\t<div class=\"elementor-icon-box-wrapper\">\n\n\t\t\t\n\t\t\t\t\t\t<div class=\"elementor-icon-box-content\">\n\n\t\t\t\t\n\t\t\t\t\t\t\t\t\t<p class=\"elementor-icon-box-description\">\n\t\t\t\t\t\tEn tant que SAVAWORKS, nous accordons une grande importance \u00e0 la s\u00e9curit\u00e9 de l'information et \u00e0 la confidentialit\u00e9 de nos utilisateurs qui visitent notre site web (savaworks.com). Cette politique explique comment les informations collect\u00e9es lors de votre utilisation de notre site sont utilis\u00e9es et prot\u00e9g\u00e9es. \t\t\t\t\t<\/p>\n\t\t\t\t\n\t\t\t<\/div>\n\t\t\t\n\t\t<\/div>\n\t\t\t\t\t\t<\/div>\n\t\t\t\t<\/div>\n\t\t\t\t<div class=\"elementor-element elementor-element-86b884d elementor-widget__width-initial sc_fly_static elementor-widget elementor-widget-icon-box\" data-id=\"86b884d\" data-element_type=\"widget\" data-e-type=\"widget\" data-widget_type=\"icon-box.default\">\n\t\t\t\t<div class=\"elementor-widget-container\">\n\t\t\t\t\t\t\t<div class=\"elementor-icon-box-wrapper\">\n\n\t\t\t\n\t\t\t\t\t\t<div class=\"elementor-icon-box-content\">\n\n\t\t\t\t\t\t\t\t\t<h5 class=\"elementor-icon-box-title\">\n\t\t\t\t\t\t<span  >\n\t\t\t\t\t\t\t1. Informations Collect\u00e9es\t\t\t\t\t\t<\/span>\n\t\t\t\t\t<\/h5>\n\t\t\t\t\n\t\t\t\t\t\t\t\t\t<p class=\"elementor-icon-box-description\">\n\t\t\t\t\t\tLes donn\u00e9es de contact que vous partagez volontairement via les formulaires de contact, telles que votre nom, pr\u00e9nom, adresse e-mail, num\u00e9ro de t\u00e9l\u00e9phone et informations sur l'entreprise, sont conserv\u00e9es en toute s\u00e9curit\u00e9 dans nos syst\u00e8mes. Ces informations sont utilis\u00e9es uniquement dans le but de vous contacter et de r\u00e9pondre \u00e0 vos demandes. \t\t\t\t\t<\/p>\n\t\t\t\t\n\t\t\t<\/div>\n\t\t\t\n\t\t<\/div>\n\t\t\t\t\t\t<\/div>\n\t\t\t\t<\/div>\n\t\t<div class=\"elementor-element elementor-element-18cb716 e-con-full e-flex sc_layouts_column_icons_position_left e-con e-child\" data-id=\"18cb716\" data-element_type=\"container\" data-e-type=\"container\">\n\t\t\t\t<div class=\"elementor-element elementor-element-68456cb elementor-widget__width-initial sc_fly_static elementor-widget elementor-widget-icon-box\" data-id=\"68456cb\" data-element_type=\"widget\" data-e-type=\"widget\" data-widget_type=\"icon-box.default\">\n\t\t\t\t<div class=\"elementor-widget-container\">\n\t\t\t\t\t\t\t<div class=\"elementor-icon-box-wrapper\">\n\n\t\t\t\n\t\t\t\t\t\t<div class=\"elementor-icon-box-content\">\n\n\t\t\t\t\t\t\t\t\t<h5 class=\"elementor-icon-box-title\">\n\t\t\t\t\t\t<span  >\n\t\t\t\t\t\t\t2.Utilisation des Cookies\t\t\t\t\t\t<\/span>\n\t\t\t\t\t<\/h5>\n\t\t\t\t\n\t\t\t\t\t\t\t\t\t<p class=\"elementor-icon-box-description\">\n\t\t\t\t\t\tNous utilisons des cookies afin d'am\u00e9liorer votre exp\u00e9rience sur notre site web, d'analyser le trafic du site et d'effectuer des mesures de performance.\t\t\t\t\t<\/p>\n\t\t\t\t\n\t\t\t<\/div>\n\t\t\t\n\t\t<\/div>\n\t\t\t\t\t\t<\/div>\n\t\t\t\t<\/div>\n\t\t\t\t<div class=\"elementor-element elementor-element-325f7fb elementor-align-start elementor-widget__width-initial elementor-widget-mobile__width-auto elementor-icon-list--layout-traditional elementor-list-item-link-full_width sc_fly_static elementor-widget elementor-widget-icon-list\" data-id=\"325f7fb\" data-element_type=\"widget\" data-e-type=\"widget\" data-widget_type=\"icon-list.default\">\n\t\t\t\t<div class=\"elementor-widget-container\">\n\t\t\t\t\t\t\t<ul class=\"elementor-icon-list-items\">\n\t\t\t\t\t\t\t<li class=\"elementor-icon-list-item\">\n\t\t\t\t\t\t\t\t\t\t\t<span class=\"elementor-icon-list-icon\">\n\t\t\t\t\t\t\t<svg aria-hidden=\"true\" class=\"e-font-icon-svg e-fas-circle\" viewBox=\"0 0 512 512\" xmlns=\"http:\/\/www.w3.org\/2000\/svg\"><path d=\"M256 8C119 8 8 119 8 256s111 248 248 248 248-111 248-248S393 8 256 8z\"><\/path><\/svg>\t\t\t\t\t\t<\/span>\n\t\t\t\t\t\t\t\t\t\t<span class=\"elementor-icon-list-text\"><b>Cookies Obligatoires <\/b>: Ils sont n\u00e9cessaires au fonctionnement des fonctions de base du site.<\/span>\n\t\t\t\t\t\t\t\t\t<\/li>\n\t\t\t\t\t\t<\/ul>\n\t\t\t\t\t\t<\/div>\n\t\t\t\t<\/div>\n\t\t\t\t<div class=\"elementor-element elementor-element-849f505 elementor-align-start elementor-widget__width-initial elementor-widget-mobile__width-auto elementor-icon-list--layout-traditional elementor-list-item-link-full_width sc_fly_static elementor-widget elementor-widget-icon-list\" data-id=\"849f505\" data-element_type=\"widget\" data-e-type=\"widget\" data-widget_type=\"icon-list.default\">\n\t\t\t\t<div class=\"elementor-widget-container\">\n\t\t\t\t\t\t\t<ul class=\"elementor-icon-list-items\">\n\t\t\t\t\t\t\t<li class=\"elementor-icon-list-item\">\n\t\t\t\t\t\t\t\t\t\t\t<span class=\"elementor-icon-list-icon\">\n\t\t\t\t\t\t\t<svg aria-hidden=\"true\" class=\"e-font-icon-svg e-fas-circle\" viewBox=\"0 0 512 512\" xmlns=\"http:\/\/www.w3.org\/2000\/svg\"><path d=\"M256 8C119 8 8 119 8 256s111 248 248 248 248-111 248-248S393 8 256 8z\"><\/path><\/svg>\t\t\t\t\t\t<\/span>\n\t\t\t\t\t\t\t\t\t\t<span class=\"elementor-icon-list-text\"><b>Cookies Analytiques<\/b> : Ils nous aident \u00e0 comprendre comment les visiteurs utilisent le site (Ex. Google Analytics).<\/span>\n\t\t\t\t\t\t\t\t\t<\/li>\n\t\t\t\t\t\t<\/ul>\n\t\t\t\t\t\t<\/div>\n\t\t\t\t<\/div>\n\t\t\t\t<div class=\"elementor-element elementor-element-a563d16 elementor-align-start elementor-widget__width-initial elementor-widget-mobile__width-auto elementor-icon-list--layout-traditional elementor-list-item-link-full_width sc_fly_static elementor-widget elementor-widget-icon-list\" data-id=\"a563d16\" data-element_type=\"widget\" data-e-type=\"widget\" data-widget_type=\"icon-list.default\">\n\t\t\t\t<div class=\"elementor-widget-container\">\n\t\t\t\t\t\t\t<ul class=\"elementor-icon-list-items\">\n\t\t\t\t\t\t\t<li class=\"elementor-icon-list-item\">\n\t\t\t\t\t\t\t\t\t\t<span class=\"elementor-icon-list-text\">Vous pouvez limiter ou d\u00e9sactiver compl\u00e8tement l'utilisation des cookies \u00e0 tout moment via les param\u00e8tres de votre navigateur.<\/span>\n\t\t\t\t\t\t\t\t\t<\/li>\n\t\t\t\t\t\t<\/ul>\n\t\t\t\t\t\t<\/div>\n\t\t\t\t<\/div>\n\t\t\t\t<\/div>\n\t\t\t\t<div class=\"elementor-element elementor-element-02617a6 elementor-widget__width-initial sc_fly_static elementor-widget elementor-widget-icon-box\" data-id=\"02617a6\" data-element_type=\"widget\" data-e-type=\"widget\" data-widget_type=\"icon-box.default\">\n\t\t\t\t<div class=\"elementor-widget-container\">\n\t\t\t\t\t\t\t<div class=\"elementor-icon-box-wrapper\">\n\n\t\t\t\n\t\t\t\t\t\t<div class=\"elementor-icon-box-content\">\n\n\t\t\t\t\t\t\t\t\t<h5 class=\"elementor-icon-box-title\">\n\t\t\t\t\t\t<span  >\n\t\t\t\t\t\t\t3. S\u00e9curit\u00e9 des Donn\u00e9es\t\t\t\t\t\t<\/span>\n\t\t\t\t\t<\/h5>\n\t\t\t\t\n\t\t\t\t\t\t\t\t\t<p class=\"elementor-icon-box-description\">\n\t\t\t\t\t\tNotre site web est prot\u00e9g\u00e9 par la technologie SSL (Secure Socket Layer), et toutes les informations que vous partagez avec nous sont transmises de mani\u00e8re crypt\u00e9e. Vos informations ne sont ni partag\u00e9es ni vendues \u00e0 des tiers ou \u00e0 des institutions \u00e0 des fins commerciales, sauf en cas d'obligation l\u00e9gale. \t\t\t\t\t<\/p>\n\t\t\t\t\n\t\t\t<\/div>\n\t\t\t\n\t\t<\/div>\n\t\t\t\t\t\t<\/div>\n\t\t\t\t<\/div>\n\t\t\t\t<div class=\"elementor-element elementor-element-3412299 elementor-widget__width-initial sc_fly_static elementor-widget elementor-widget-icon-box\" data-id=\"3412299\" data-element_type=\"widget\" data-e-type=\"widget\" data-widget_type=\"icon-box.default\">\n\t\t\t\t<div class=\"elementor-widget-container\">\n\t\t\t\t\t\t\t<div class=\"elementor-icon-box-wrapper\">\n\n\t\t\t\n\t\t\t\t\t\t<div class=\"elementor-icon-box-content\">\n\n\t\t\t\t\t\t\t\t\t<h5 class=\"elementor-icon-box-title\">\n\t\t\t\t\t\t<span  >\n\t\t\t\t\t\t\t4. Mises \u00e0 jour de la Politique\t\t\t\t\t\t<\/span>\n\t\t\t\t\t<\/h5>\n\t\t\t\t\n\t\t\t\t\t\t\t\t\t<p class=\"elementor-icon-box-description\">\n\t\t\t\t\t\tSAVAWORKS se r\u00e9serve le droit de mettre \u00e0 jour cette politique de confidentialit\u00e9 sans pr\u00e9avis, conform\u00e9ment aux modifications des l\u00e9gislations l\u00e9gales ou des politiques de service.\t\t\t\t\t<\/p>\n\t\t\t\t\n\t\t\t<\/div>\n\t\t\t\n\t\t<\/div>\n\t\t\t\t\t\t<\/div>\n\t\t\t\t<\/div>\n\t\t\t\t<\/div>\n\t\t\t\t<\/div>\n\t\t\t\t<\/div>\n\t\t\t\t<\/div>\n\t\t","protected":false},"excerpt":{"rendered":"<p>Politique de Confidentialit\u00e9 POLITIQUE DE CONFIDENTIALIT\u00c9 ET DE COOKIES DE SAVAWORKS En tant&hellip;<\/p>\n","protected":false},"author":1,"featured_media":0,"parent":0,"menu_order":0,"comment_status":"closed","ping_status":"open","template":"","meta":{"footnotes":""},"class_list":["post-6994","page","type-page","status-publish","hentry"],"_links":{"self":[{"href":"https:\/\/www.savaworks.com\/fr\/wp-json\/wp\/v2\/pages\/6994","targetHints":{"allow":["GET"]}}],"collection":[{"href":"https:\/\/www.savaworks.com\/fr\/wp-json\/wp\/v2\/pages"}],"about":[{"href":"https:\/\/www.savaworks.com\/fr\/wp-json\/wp\/v2\/types\/page"}],"author":[{"embeddable":true,"href":"https:\/\/www.savaworks.com\/fr\/wp-json\/wp\/v2\/users\/1"}],"replies":[{"embeddable":true,"href":"https:\/\/www.savaworks.com\/fr\/wp-json\/wp\/v2\/comments?post=6994"}],"version-history":[{"count":1,"href":"https:\/\/www.savaworks.com\/fr\/wp-json\/wp\/v2\/pages\/6994\/revisions"}],"predecessor-version":[{"id":6995,"href":"https:\/\/www.savaworks.com\/fr\/wp-json\/wp\/v2\/pages\/6994\/revisions\/6995"}],"wp:attachment":[{"href":"https:\/\/www.savaworks.com\/fr\/wp-json\/wp\/v2\/media?parent=6994"}],"curies":[{"name":"wp","href":"https:\/\/api.w.org\/{rel}","templated":true}]}}