{"id":5813,"date":"2024-10-15T06:15:14","date_gmt":"2024-10-15T03:15:14","guid":{"rendered":"https:\/\/www.savaworks.com\/servicios\/"},"modified":"2026-04-05T19:12:21","modified_gmt":"2026-04-05T16:12:21","slug":"servicios","status":"publish","type":"page","link":"https:\/\/www.savaworks.com\/es\/servicios\/","title":{"rendered":"Servicios"},"content":{"rendered":"\t\t<div data-elementor-type=\"wp-page\" data-elementor-id=\"5813\" class=\"elementor elementor-5813 elementor-215\">\n\t\t\t\t<div class=\"e-con-gap-no elementor-element elementor-element-3fe362a e-flex e-con-boxed sc_layouts_column_icons_position_left e-con e-parent\" data-id=\"3fe362a\" data-element_type=\"container\" data-e-type=\"container\">\n\t\t\t\t\t<div class=\"e-con-inner\">\n\t\t<div class=\"elementor-element elementor-element-785f26f e-con-full e-flex sc_layouts_column_icons_position_left e-con e-child\" data-id=\"785f26f\" data-element_type=\"container\" data-e-type=\"container\">\n\t\t\t\t<div data-animation-type=\"block\" class=\"elementor-element elementor-element-796db1f animation_type_block sc_fly_static elementor-invisible elementor-widget elementor-widget-heading\" data-id=\"796db1f\" data-element_type=\"widget\" data-e-type=\"widget\" data-settings=\"{&quot;_animation&quot;:&quot;ta_fadeinup&quot;}\" data-widget_type=\"heading.default\">\n\t\t\t\t<div class=\"elementor-widget-container\">\n\t\t\t\t\t<h6 class=\"elementor-heading-title elementor-size-default\">Nuestros Servicios<\/h6>\t\t\t\t<\/div>\n\t\t\t\t<\/div>\n\t\t\t\t<div data-animation-type=\"line\" data-animation-stagger=\"80\" class=\"elementor-element elementor-element-90f4d5e animation_type_line sc_fly_static elementor-invisible elementor-widget elementor-widget-trx_elm_advanced_title\" data-id=\"90f4d5e\" data-element_type=\"widget\" data-e-type=\"widget\" data-settings=\"{&quot;_animation&quot;:&quot;ta_fadeinup&quot;,&quot;_animation_delay&quot;:100}\" data-widget_type=\"trx_elm_advanced_title.default\">\n\t\t\t\t<div class=\"elementor-widget-container\">\n\t\t\t\t\t<h1 class=\"trx-addons-advanced-title\" >\n<span class=\"trx-addons-advanced-title-item trx-addons-advanced-title-item-text elementor-repeater-item-8818021\">Para su Seguridad<\/span>\n<span class=\"trx-addons-advanced-title-item trx-addons-advanced-title-item-text elementor-repeater-item-f4d33a4\">Soluciones Integrales<\/span><\/h1>\t\t\t\t<\/div>\n\t\t\t\t<\/div>\n\t\t\t\t<\/div>\n\t\t\t\t\t<\/div>\n\t\t\t\t<\/div>\n\t\t<div data-animation-type=\"block\" class=\"elementor-element elementor-element-32897e0 e-flex e-con-boxed sc_layouts_column_icons_position_left animation_type_block elementor-invisible e-con e-parent\" data-id=\"32897e0\" data-element_type=\"container\" data-e-type=\"container\" data-settings=\"{&quot;animation&quot;:&quot;fadeInUp&quot;,&quot;animation_delay&quot;:300}\">\n\t\t\t\t\t<div class=\"e-con-inner\">\n\t\t<div data-stack-section-zoom-value=\"0.9\" data-stack-section-transparency-value=\"0\" data-stack-section-blur-value=\"10\" class=\"elementor-element elementor-element-3835aa3 e-con-full sc_stack_section_on sc_stack_section_zoom_on e-flex sc_layouts_column_icons_position_left sc_stack_section_effect_slide e-con e-child\" data-id=\"3835aa3\" data-element_type=\"container\" data-e-type=\"container\" data-settings=\"{&quot;background_background&quot;:&quot;classic&quot;}\">\n\t\t<div class=\"elementor-element elementor-element-250530c e-con-full e-flex sc_layouts_column_icons_position_left e-con e-child\" data-id=\"250530c\" data-element_type=\"container\" data-e-type=\"container\">\n\t\t<div class=\"elementor-element elementor-element-b8333f9 e-con-full e-flex sc_layouts_column_icons_position_left e-con e-child\" data-id=\"b8333f9\" data-element_type=\"container\" data-e-type=\"container\">\n\t\t\t\t<div class=\"elementor-element elementor-element-c703239 sc_fly_static elementor-widget elementor-widget-heading\" data-id=\"c703239\" data-element_type=\"widget\" data-e-type=\"widget\" data-widget_type=\"heading.default\">\n\t\t\t\t<div class=\"elementor-widget-container\">\n\t\t\t\t\t<h2 class=\"elementor-heading-title elementor-size-default\"><a href=\"https:\/\/www.savaworks.com\/es\/servicios\/sistemas-de-trabajo-en-altura\/\">Sistemas de Trabajo en Altura<\/a><\/h2>\t\t\t\t<\/div>\n\t\t\t\t<\/div>\n\t\t\t\t<div class=\"elementor-element elementor-element-d951657 sc_fly_static elementor-widget elementor-widget-text-editor\" data-id=\"d951657\" data-element_type=\"widget\" data-e-type=\"widget\" data-widget_type=\"text-editor.default\">\n\t\t\t\t<div class=\"elementor-widget-container\">\n\t\t\t\t\t\t\t\t\t<p>Soluciones de ingenier\u00eda que eliminan el riesgo de ca\u00eddas en instalaciones industriales y estructuras elevadas. <br>Redes de Seguridad <strong>\u00b7<\/strong> Sistemas de Barandillas <strong>\u00b7<\/strong> Barreras <strong>\u00b7<\/strong> Pasarelas<\/p>\t\t\t\t\t\t\t\t<\/div>\n\t\t\t\t<\/div>\n\t\t\t\t<\/div>\n\t\t\t\t<div class=\"elementor-element elementor-element-b4c6210 sc_fly_static elementor-widget elementor-widget-heading\" data-id=\"b4c6210\" data-element_type=\"widget\" data-e-type=\"widget\" data-widget_type=\"heading.default\">\n\t\t\t\t<div class=\"elementor-widget-container\">\n\t\t\t\t\t<h6 class=\"elementor-heading-title elementor-size-default\"><a href=\"https:\/\/www.savaworks.com\/es\/servicios\/sistemas-de-trabajo-en-altura\/\">Ver Detalles<\/a><\/h6>\t\t\t\t<\/div>\n\t\t\t\t<\/div>\n\t\t\t\t<\/div>\n\t\t<div class=\"elementor-element elementor-element-2efd805 e-con-full e-grid sc_layouts_column_icons_position_left e-con e-child\" data-id=\"2efd805\" data-element_type=\"container\" data-e-type=\"container\">\n\t\t\t\t<div class=\"elementor-element elementor-element-22aa136 sc_fly_static elementor-widget elementor-widget-image\" data-id=\"22aa136\" data-element_type=\"widget\" data-e-type=\"widget\" data-widget_type=\"image.default\">\n\t\t\t\t<div class=\"elementor-widget-container\">\n\t\t\t\t\t\t\t\t\t\t\t\t\t\t\t<img decoding=\"async\" src=\"https:\/\/www.savaworks.com\/wp-content\/uploads\/elementor\/thumbs\/Yuksekte-Calisma-Sistemleri-rk1013qpygzqeeph02dfugwhrfu8k5z3xpkpuaddm2.jpg\" title=\"Sistemas de Trabajos en Altura\" alt=\"Sistemas de Trabajos en Altura\" loading=\"lazy\" \/>\t\t\t\t\t\t\t\t\t\t\t\t\t\t\t<\/div>\n\t\t\t\t<\/div>\n\t\t\t\t<\/div>\n\t\t\t\t<\/div>\n\t\t<div data-stack-section-zoom-value=\"0.9\" data-stack-section-transparency-value=\"0\" data-stack-section-blur-value=\"10\" class=\"elementor-element elementor-element-23994c1 e-con-full sc_stack_section_on sc_stack_section_zoom_on e-flex sc_layouts_column_icons_position_left sc_stack_section_effect_slide e-con e-child\" data-id=\"23994c1\" data-element_type=\"container\" data-e-type=\"container\" data-settings=\"{&quot;background_background&quot;:&quot;classic&quot;}\">\n\t\t<div class=\"elementor-element elementor-element-a8b8032 e-con-full e-flex sc_layouts_column_icons_position_left e-con e-child\" data-id=\"a8b8032\" data-element_type=\"container\" data-e-type=\"container\">\n\t\t<div class=\"elementor-element elementor-element-100f194 e-con-full e-flex sc_layouts_column_icons_position_left e-con e-child\" data-id=\"100f194\" data-element_type=\"container\" data-e-type=\"container\">\n\t\t\t\t<div class=\"elementor-element elementor-element-0ea544f sc_fly_static elementor-widget elementor-widget-heading\" data-id=\"0ea544f\" data-element_type=\"widget\" data-e-type=\"widget\" data-widget_type=\"heading.default\">\n\t\t\t\t<div class=\"elementor-widget-container\">\n\t\t\t\t\t<h2 class=\"elementor-heading-title elementor-size-default\"><a href=\"https:\/\/www.savaworks.com\/es\/servicios\/sistemas-de-linea-de-vida\/\">Sistemas de L\u00ednea de Vida<\/a><\/h2>\t\t\t\t<\/div>\n\t\t\t\t<\/div>\n\t\t\t\t<div class=\"elementor-element elementor-element-14a72c5 sc_fly_static elementor-widget elementor-widget-text-editor\" data-id=\"14a72c5\" data-element_type=\"widget\" data-e-type=\"widget\" data-widget_type=\"text-editor.default\">\n\t\t\t\t<div class=\"elementor-widget-container\">\n\t\t\t\t\t\t\t\t\t<p>Dise\u00f1amos e instalamos sistemas que proporcionan la m\u00e1xima protecci\u00f3n a sus empleados sin restringir su libertad de movimiento.<br>L\u00ednea de Vida Horizontal <strong>\u00b7<\/strong> L\u00ednea de Vida Vertical <strong>\u00b7<\/strong> Sistemas M\u00f3viles <strong>\u00b7<\/strong> L\u00ednea de Vida sobre Ra\u00edl <strong>\u00b7<\/strong> Puntos de Anclaje<\/p>\t\t\t\t\t\t\t\t<\/div>\n\t\t\t\t<\/div>\n\t\t\t\t<\/div>\n\t\t\t\t<div class=\"elementor-element elementor-element-3514a25 sc_fly_static elementor-widget elementor-widget-heading\" data-id=\"3514a25\" data-element_type=\"widget\" data-e-type=\"widget\" data-widget_type=\"heading.default\">\n\t\t\t\t<div class=\"elementor-widget-container\">\n\t\t\t\t\t<h6 class=\"elementor-heading-title elementor-size-default\"><a href=\"https:\/\/www.savaworks.com\/es\/servicios\/sistemas-de-linea-de-vida\/\">Ver Detalles<\/a><\/h6>\t\t\t\t<\/div>\n\t\t\t\t<\/div>\n\t\t\t\t<\/div>\n\t\t<div class=\"elementor-element elementor-element-ea30899 e-con-full e-grid sc_layouts_column_icons_position_left e-con e-child\" data-id=\"ea30899\" data-element_type=\"container\" data-e-type=\"container\">\n\t\t\t\t<div class=\"elementor-element elementor-element-79f7969 sc_fly_static elementor-widget elementor-widget-image\" data-id=\"79f7969\" data-element_type=\"widget\" data-e-type=\"widget\" data-widget_type=\"image.default\">\n\t\t\t\t<div class=\"elementor-widget-container\">\n\t\t\t\t\t\t\t\t\t\t\t\t\t\t\t<img decoding=\"async\" src=\"https:\/\/www.savaworks.com\/wp-content\/uploads\/elementor\/thumbs\/McyHU6nvVoSFqPASJCVNX_RoVijquh_00001-rk7y06sx1c27sv18nyx1hkxydshtvrpvv1nf2jc6qy.jpg\" title=\"l\u00ednea de vida\" alt=\"l\u00ednea de vida\" loading=\"lazy\" \/>\t\t\t\t\t\t\t\t\t\t\t\t\t\t\t<\/div>\n\t\t\t\t<\/div>\n\t\t\t\t<\/div>\n\t\t\t\t<\/div>\n\t\t<div data-stack-section-zoom-value=\"0.9\" data-stack-section-transparency-value=\"0\" data-stack-section-blur-value=\"10\" class=\"elementor-element elementor-element-48b647d e-con-full sc_stack_section_on sc_stack_section_zoom_on e-flex sc_layouts_column_icons_position_left sc_stack_section_effect_slide e-con e-child\" data-id=\"48b647d\" data-element_type=\"container\" data-e-type=\"container\" data-settings=\"{&quot;background_background&quot;:&quot;classic&quot;}\">\n\t\t<div class=\"elementor-element elementor-element-4898edb e-con-full e-flex sc_layouts_column_icons_position_left e-con e-child\" data-id=\"4898edb\" data-element_type=\"container\" data-e-type=\"container\">\n\t\t<div class=\"elementor-element elementor-element-d4c4d87 e-con-full e-flex sc_layouts_column_icons_position_left e-con e-child\" data-id=\"d4c4d87\" data-element_type=\"container\" data-e-type=\"container\">\n\t\t\t\t<div class=\"elementor-element elementor-element-2175692 sc_fly_static elementor-widget elementor-widget-heading\" data-id=\"2175692\" data-element_type=\"widget\" data-e-type=\"widget\" data-widget_type=\"heading.default\">\n\t\t\t\t<div class=\"elementor-widget-container\">\n\t\t\t\t\t<h2 class=\"elementor-heading-title elementor-size-default\"><a href=\"https:\/\/www.savaworks.com\/es\/servicios\/servicios-de-acceso-por-cuerda\/\">Servicios de Acceso Mediante Cuerda<\/a><\/h2>\t\t\t\t<\/div>\n\t\t\t\t<\/div>\n\t\t\t\t<div class=\"elementor-element elementor-element-895fb48 sc_fly_static elementor-widget elementor-widget-text-editor\" data-id=\"895fb48\" data-element_type=\"widget\" data-e-type=\"widget\" data-widget_type=\"text-editor.default\">\n\t\t\t\t<div class=\"elementor-widget-container\">\n\t\t\t\t\t\t\t\t\tSoluciones de acceso r\u00e1pido que eliminan los costes de andamios y gr\u00faas. Realizamos operaciones seguras en puntos inaccesibles.<br>Inspecci\u00f3n NDT <strong>\u00b7<\/strong> Mantenimiento y Montaje <strong>\u00b7<\/strong> Protecci\u00f3n de Superficies <strong>\u00b7<\/strong> Servicios de Rescate\t\t\t\t\t\t\t\t<\/div>\n\t\t\t\t<\/div>\n\t\t\t\t<\/div>\n\t\t\t\t<div class=\"elementor-element elementor-element-a8b0e5f sc_fly_static elementor-widget elementor-widget-heading\" data-id=\"a8b0e5f\" data-element_type=\"widget\" data-e-type=\"widget\" data-widget_type=\"heading.default\">\n\t\t\t\t<div class=\"elementor-widget-container\">\n\t\t\t\t\t<h6 class=\"elementor-heading-title elementor-size-default\"><a href=\"https:\/\/www.savaworks.com\/es\/servicios\/servicios-de-acceso-por-cuerda\/\">Ver Detalles<\/a><\/h6>\t\t\t\t<\/div>\n\t\t\t\t<\/div>\n\t\t\t\t<\/div>\n\t\t<div class=\"elementor-element elementor-element-ef1338f e-con-full e-grid sc_layouts_column_icons_position_left e-con e-child\" data-id=\"ef1338f\" data-element_type=\"container\" data-e-type=\"container\">\n\t\t\t\t<div class=\"elementor-element elementor-element-6609594 sc_fly_static elementor-widget elementor-widget-image\" data-id=\"6609594\" data-element_type=\"widget\" data-e-type=\"widget\" data-widget_type=\"image.default\">\n\t\t\t\t<div class=\"elementor-widget-container\">\n\t\t\t\t\t\t\t\t\t\t\t\t\t\t\t<img decoding=\"async\" src=\"https:\/\/www.savaworks.com\/wp-content\/uploads\/elementor\/thumbs\/Iple-Erisim-Hizmetleri--scaled-rk93bvx1vklvaq2jk19wv5zpe7tmlvrx2gr9ahiip6.jpg\" title=\"Servicios de Acceso Mediante Cuerda\" alt=\"Servicios de Acceso Mediante Cuerda\" loading=\"lazy\" \/>\t\t\t\t\t\t\t\t\t\t\t\t\t\t\t<\/div>\n\t\t\t\t<\/div>\n\t\t\t\t<\/div>\n\t\t\t\t<\/div>\n\t\t<div data-stack-section-zoom-value=\"0.9\" data-stack-section-transparency-value=\"0\" data-stack-section-blur-value=\"10\" class=\"elementor-element elementor-element-2f6fee4 e-con-full sc_stack_section_on sc_stack_section_zoom_on e-flex sc_layouts_column_icons_position_left sc_stack_section_effect_slide e-con e-child\" data-id=\"2f6fee4\" data-element_type=\"container\" data-e-type=\"container\" data-settings=\"{&quot;background_background&quot;:&quot;classic&quot;}\">\n\t\t<div class=\"elementor-element elementor-element-d793ee5 e-con-full e-flex sc_layouts_column_icons_position_left e-con e-child\" data-id=\"d793ee5\" data-element_type=\"container\" data-e-type=\"container\">\n\t\t<div class=\"elementor-element elementor-element-013cdd4 e-con-full e-flex sc_layouts_column_icons_position_left e-con e-child\" data-id=\"013cdd4\" data-element_type=\"container\" data-e-type=\"container\">\n\t\t\t\t<div class=\"elementor-element elementor-element-075d227 sc_fly_static elementor-widget elementor-widget-heading\" data-id=\"075d227\" data-element_type=\"widget\" data-e-type=\"widget\" data-widget_type=\"heading.default\">\n\t\t\t\t<div class=\"elementor-widget-container\">\n\t\t\t\t\t<h2 class=\"elementor-heading-title elementor-size-default\"><a href=\"https:\/\/www.savaworks.com\/es\/servicios\/energia-renovable-e-ingenieria\/\">Energ\u00eda Renovable e Ingenier\u00eda<\/a><\/h2>\t\t\t\t<\/div>\n\t\t\t\t<\/div>\n\t\t\t\t<div class=\"elementor-element elementor-element-7ae3713 sc_fly_static elementor-widget elementor-widget-text-editor\" data-id=\"7ae3713\" data-element_type=\"widget\" data-e-type=\"widget\" data-widget_type=\"text-editor.default\">\n\t\t\t\t<div class=\"elementor-widget-container\">\n\t\t\t\t\t\t\t\t\tOfrecemos servicios integrales en plantas de energ\u00eda solar, desde ingenier\u00eda hasta mantenimiento, limpieza e inspecci\u00f3n a\u00e9rea.<br>EPC de GES <strong>\u00b7<\/strong> Mantenimiento y Reparaci\u00f3n de GES <strong>\u00b7<\/strong> Limpieza de GES <strong>\u00b7<\/strong> Dron T\u00e9rmico\t\t\t\t\t\t\t\t<\/div>\n\t\t\t\t<\/div>\n\t\t\t\t<\/div>\n\t\t\t\t<div class=\"elementor-element elementor-element-4c9931c sc_fly_static elementor-widget elementor-widget-heading\" data-id=\"4c9931c\" data-element_type=\"widget\" data-e-type=\"widget\" data-widget_type=\"heading.default\">\n\t\t\t\t<div class=\"elementor-widget-container\">\n\t\t\t\t\t<h6 class=\"elementor-heading-title elementor-size-default\"><a href=\"https:\/\/www.savaworks.com\/es\/servicios\/energia-renovable-e-ingenieria\/\">Ver Detalles<\/a><\/h6>\t\t\t\t<\/div>\n\t\t\t\t<\/div>\n\t\t\t\t<\/div>\n\t\t<div class=\"elementor-element elementor-element-eb6df40 e-con-full e-grid sc_layouts_column_icons_position_left e-con e-child\" data-id=\"eb6df40\" data-element_type=\"container\" data-e-type=\"container\">\n\t\t\t\t<div class=\"elementor-element elementor-element-d948ee4 sc_fly_static elementor-widget elementor-widget-image\" data-id=\"d948ee4\" data-element_type=\"widget\" data-e-type=\"widget\" data-widget_type=\"image.default\">\n\t\t\t\t<div class=\"elementor-widget-container\">\n\t\t\t\t\t\t\t\t\t\t\t\t\t\t\t<img decoding=\"async\" src=\"https:\/\/www.savaworks.com\/wp-content\/uploads\/elementor\/thumbs\/Yenilenebilir-Enerji-ve-Muhendislik-rk10344akpqt8dsc9fnpogmzi3xi0uyfvnt3sle2ay.jpg\" title=\"Energ\u00edas Renovables e Ingenier\u00eda\" alt=\"Energ\u00edas Renovables e Ingenier\u00eda\" loading=\"lazy\" \/>\t\t\t\t\t\t\t\t\t\t\t\t\t\t\t<\/div>\n\t\t\t\t<\/div>\n\t\t\t\t<\/div>\n\t\t\t\t<\/div>\n\t\t<div data-stack-section-zoom-value=\"0.9\" data-stack-section-transparency-value=\"0\" data-stack-section-blur-value=\"10\" class=\"elementor-element elementor-element-6231d30 e-con-full sc_stack_section_on sc_stack_section_zoom_on e-flex sc_layouts_column_icons_position_left sc_stack_section_effect_slide e-con e-child\" data-id=\"6231d30\" data-element_type=\"container\" data-e-type=\"container\" data-settings=\"{&quot;background_background&quot;:&quot;classic&quot;}\">\n\t\t<div class=\"elementor-element elementor-element-6e46e09 e-con-full e-flex sc_layouts_column_icons_position_left e-con e-child\" data-id=\"6e46e09\" data-element_type=\"container\" data-e-type=\"container\">\n\t\t<div class=\"elementor-element elementor-element-b1a9e2a e-con-full e-flex sc_layouts_column_icons_position_left e-con e-child\" data-id=\"b1a9e2a\" data-element_type=\"container\" data-e-type=\"container\">\n\t\t\t\t<div class=\"elementor-element elementor-element-4dd4a69 sc_fly_static elementor-widget elementor-widget-heading\" data-id=\"4dd4a69\" data-element_type=\"widget\" data-e-type=\"widget\" data-widget_type=\"heading.default\">\n\t\t\t\t<div class=\"elementor-widget-container\">\n\t\t\t\t\t<h2 class=\"elementor-heading-title elementor-size-default\"><a href=\"https:\/\/www.savaworks.com\/es\/servicios\/formacion-y-consultoria\/\">Formaci\u00f3n y Consultor\u00eda<\/a><\/h2>\t\t\t\t<\/div>\n\t\t\t\t<\/div>\n\t\t\t\t<div class=\"elementor-element elementor-element-53e1885 sc_fly_static elementor-widget elementor-widget-text-editor\" data-id=\"53e1885\" data-element_type=\"widget\" data-e-type=\"widget\" data-widget_type=\"text-editor.default\">\n\t\t\t\t<div class=\"elementor-widget-container\">\n\t\t\t\t\t\t\t\t\t<p>Formamos profesionales competentes y seguros para el sector con programas certificados seg\u00fan est\u00e1ndares internacionales.<br>IRATA\/SPRAT <strong>\u00b7<\/strong> Rescate <strong>\u00b7<\/strong> Trabajos en Altura <strong>\u00b7<\/strong> Espacios Confinados <strong>\u00b7<\/strong> Incendios <strong>\u00b7<\/strong> Primeros Auxilios<\/p>\t\t\t\t\t\t\t\t<\/div>\n\t\t\t\t<\/div>\n\t\t\t\t<\/div>\n\t\t\t\t<div class=\"elementor-element elementor-element-d8cf4f8 sc_fly_static elementor-widget elementor-widget-heading\" data-id=\"d8cf4f8\" data-element_type=\"widget\" data-e-type=\"widget\" data-widget_type=\"heading.default\">\n\t\t\t\t<div class=\"elementor-widget-container\">\n\t\t\t\t\t<h6 class=\"elementor-heading-title elementor-size-default\"><a href=\"https:\/\/www.savaworks.com\/es\/servicios\/formacion-y-consultoria\/\">Ver Detalles<\/a><\/h6>\t\t\t\t<\/div>\n\t\t\t\t<\/div>\n\t\t\t\t<\/div>\n\t\t<div class=\"elementor-element elementor-element-60360da e-con-full e-grid sc_layouts_column_icons_position_left e-con e-child\" data-id=\"60360da\" data-element_type=\"container\" data-e-type=\"container\">\n\t\t\t\t<div class=\"elementor-element elementor-element-c149d18 sc_fly_static elementor-widget elementor-widget-image\" data-id=\"c149d18\" data-element_type=\"widget\" data-e-type=\"widget\" data-widget_type=\"image.default\">\n\t\t\t\t<div class=\"elementor-widget-container\">\n\t\t\t\t\t\t\t\t\t\t\t\t\t\t\t<img decoding=\"async\" src=\"https:\/\/www.savaworks.com\/wp-content\/uploads\/elementor\/thumbs\/Egitim-ve-Danismanlik-rk103k3jswcopr54o4kdcultlnqqnppvluwcyaqdd6.jpg\" title=\"Formaci\u00f3n y Consultor\u00eda\" alt=\"Formaci\u00f3n y Consultor\u00eda\" loading=\"lazy\" \/>\t\t\t\t\t\t\t\t\t\t\t\t\t\t\t<\/div>\n\t\t\t\t<\/div>\n\t\t\t\t<\/div>\n\t\t\t\t<\/div>\n\t\t\t\t\t<\/div>\n\t\t\t\t<\/div>\n\t\t<div class=\"elementor-element elementor-element-12213e2b e-flex e-con-boxed sc_layouts_column_icons_position_left e-con e-child\" data-id=\"12213e2b\" data-element_type=\"container\" data-e-type=\"container\" data-settings=\"{&quot;background_background&quot;:&quot;classic&quot;}\">\n\t\t\t\t\t<div class=\"e-con-inner\">\n\t\t\t\t<div data-animation-type=\"block\" class=\"elementor-element elementor-element-7a5a3280 animated-slow animation_type_block sc_fly_static elementor-invisible elementor-widget elementor-widget-heading\" data-id=\"7a5a3280\" data-element_type=\"widget\" data-e-type=\"widget\" data-settings=\"{&quot;_animation&quot;:&quot;ta_fadein&quot;}\" data-widget_type=\"heading.default\">\n\t\t\t\t<div class=\"elementor-widget-container\">\n\t\t\t\t\t<h4 class=\"elementor-heading-title elementor-size-default\">Encontremos juntos la soluci\u00f3n adecuada para su proyecto.<\/h4>\t\t\t\t<\/div>\n\t\t\t\t<\/div>\n\t\t\t\t\t<\/div>\n\t\t\t\t<\/div>\n\t\t\t\t<\/div>\n\t\t","protected":false},"excerpt":{"rendered":"<p>Nuestros Servicios Para su Seguridad Soluciones Integrales Sistemas de Trabajo en Altura Soluciones&hellip;<\/p>\n","protected":false},"author":1,"featured_media":0,"parent":0,"menu_order":0,"comment_status":"closed","ping_status":"closed","template":"","meta":{"footnotes":""},"class_list":["post-5813","page","type-page","status-publish","hentry"],"_links":{"self":[{"href":"https:\/\/www.savaworks.com\/es\/wp-json\/wp\/v2\/pages\/5813","targetHints":{"allow":["GET"]}}],"collection":[{"href":"https:\/\/www.savaworks.com\/es\/wp-json\/wp\/v2\/pages"}],"about":[{"href":"https:\/\/www.savaworks.com\/es\/wp-json\/wp\/v2\/types\/page"}],"author":[{"embeddable":true,"href":"https:\/\/www.savaworks.com\/es\/wp-json\/wp\/v2\/users\/1"}],"replies":[{"embeddable":true,"href":"https:\/\/www.savaworks.com\/es\/wp-json\/wp\/v2\/comments?post=5813"}],"version-history":[{"count":2,"href":"https:\/\/www.savaworks.com\/es\/wp-json\/wp\/v2\/pages\/5813\/revisions"}],"predecessor-version":[{"id":5974,"href":"https:\/\/www.savaworks.com\/es\/wp-json\/wp\/v2\/pages\/5813\/revisions\/5974"}],"wp:attachment":[{"href":"https:\/\/www.savaworks.com\/es\/wp-json\/wp\/v2\/media?parent=5813"}],"curies":[{"name":"wp","href":"https:\/\/api.w.org\/{rel}","templated":true}]}}