{"id":6738,"date":"2026-03-10T23:54:46","date_gmt":"2026-03-10T20:54:46","guid":{"rendered":"https:\/\/www.savaworks.com\/produkte-demnaechst\/"},"modified":"2026-04-10T13:23:51","modified_gmt":"2026-04-10T10:23:51","slug":"produkte-demnachst","status":"publish","type":"page","link":"https:\/\/www.savaworks.com\/de\/produkte-demnachst\/","title":{"rendered":"Produkte &#8211; Demn\u00e4chst"},"content":{"rendered":"\t\t<div data-elementor-type=\"wp-page\" data-elementor-id=\"6738\" class=\"elementor elementor-6738 elementor-5001\">\n\t\t\t\t<div class=\"e-con-height-full elementor-element elementor-element-340b9c8 e-flex e-con-boxed sc_layouts_column_icons_position_left animation_type_block elementor-invisible e-con e-parent\" data-animation-type=\"block\" data-id=\"340b9c8\" data-element_type=\"container\" data-e-type=\"container\" data-settings=\"{&quot;background_background&quot;:&quot;classic&quot;,&quot;animation&quot;:&quot;ta_fadein&quot;}\">\n\t\t\t\t\t<div class=\"e-con-inner\">\n\t\t\t\t<div data-animation-type=\"block\" class=\"elementor-element elementor-element-eba4625 animation_type_block sc_fly_static elementor-invisible elementor-widget elementor-widget-heading\" data-id=\"eba4625\" data-element_type=\"widget\" data-e-type=\"widget\" data-settings=\"{&quot;_animation&quot;:&quot;ta_fadeinup&quot;,&quot;_animation_delay&quot;:100}\" data-widget_type=\"heading.default\">\n\t\t\t\t<div class=\"elementor-widget-container\">\n\t\t\t\t\t<h6 class=\"elementor-heading-title elementor-size-default\">Unsere Ausr\u00fcstung f\u00fcr H\u00f6henarbeiten und professionellen L\u00f6sungen sind bald verf\u00fcgbar. <\/h6>\t\t\t\t<\/div>\n\t\t\t\t<\/div>\n\t\t\t\t<div data-animation-type=\"line\" data-animation-stagger=\"80\" class=\"elementor-element elementor-element-9a91b5c animation_type_line elementor-widget__width-inherit sc_fly_static elementor-invisible elementor-widget elementor-widget-heading\" data-id=\"9a91b5c\" data-element_type=\"widget\" data-e-type=\"widget\" data-settings=\"{&quot;_animation&quot;:&quot;ta_fadeinup&quot;,&quot;_animation_delay&quot;:200}\" data-widget_type=\"heading.default\">\n\t\t\t\t<div class=\"elementor-widget-container\">\n\t\t\t\t\t<h1 class=\"elementor-heading-title elementor-size-default\">DEMN\u00c4CHST<\/h1>\t\t\t\t<\/div>\n\t\t\t\t<\/div>\n\t\t\t\t<div data-animation-type=\"block\" class=\"elementor-element elementor-element-75ebc98 animation_type_block sc_fly_static elementor-invisible elementor-widget elementor-widget-button\" data-id=\"75ebc98\" data-element_type=\"widget\" data-e-type=\"widget\" data-settings=\"{&quot;_animation&quot;:&quot;ta_fadeinup&quot;,&quot;_animation_delay&quot;:300}\" data-widget_type=\"button.default\">\n\t\t\t\t<div class=\"elementor-widget-container\">\n\t\t\t\t\t\t\t\t\t<div class=\"elementor-button-wrapper\">\n\t\t\t\t\t<a class=\"elementor-button elementor-button-link elementor-size-sm\" href=\"\/de\/leistungen\/\">\n\t\t\t\t\t\t<span class=\"elementor-button-content-wrapper\">\n\t\t\t\t\t\t\t\t\t<span class=\"elementor-button-text\">Unsere Leistungen ansehen<\/span>\n\t\t\t\t\t<\/span>\n\t\t\t\t\t<\/a>\n\t\t\t\t<\/div>\n\t\t\t\t\t\t\t\t<\/div>\n\t\t\t\t<\/div>\n\t\t\t\t\t<\/div>\n\t\t\t\t<\/div>\n\t\t\t\t<\/div>\n\t\t","protected":false},"excerpt":{"rendered":"<p>Unsere Ausr\u00fcstung f\u00fcr H\u00f6henarbeiten und professionellen L\u00f6sungen sind bald verf\u00fcgbar. DEMN\u00c4CHST Unsere Leistungen&hellip;<\/p>\n","protected":false},"author":3,"featured_media":0,"parent":0,"menu_order":0,"comment_status":"closed","ping_status":"closed","template":"","meta":{"footnotes":""},"class_list":["post-6738","page","type-page","status-publish","hentry"],"_links":{"self":[{"href":"https:\/\/www.savaworks.com\/de\/wp-json\/wp\/v2\/pages\/6738","targetHints":{"allow":["GET"]}}],"collection":[{"href":"https:\/\/www.savaworks.com\/de\/wp-json\/wp\/v2\/pages"}],"about":[{"href":"https:\/\/www.savaworks.com\/de\/wp-json\/wp\/v2\/types\/page"}],"author":[{"embeddable":true,"href":"https:\/\/www.savaworks.com\/de\/wp-json\/wp\/v2\/users\/3"}],"replies":[{"embeddable":true,"href":"https:\/\/www.savaworks.com\/de\/wp-json\/wp\/v2\/comments?post=6738"}],"version-history":[{"count":4,"href":"https:\/\/www.savaworks.com\/de\/wp-json\/wp\/v2\/pages\/6738\/revisions"}],"predecessor-version":[{"id":6781,"href":"https:\/\/www.savaworks.com\/de\/wp-json\/wp\/v2\/pages\/6738\/revisions\/6781"}],"wp:attachment":[{"href":"https:\/\/www.savaworks.com\/de\/wp-json\/wp\/v2\/media?parent=6738"}],"curies":[{"name":"wp","href":"https:\/\/api.w.org\/{rel}","templated":true}]}}