{"id":6621,"date":"2024-10-15T06:15:14","date_gmt":"2024-10-15T03:15:14","guid":{"rendered":"https:\/\/www.savaworks.com\/dienstleistungen\/"},"modified":"2026-04-10T14:34:00","modified_gmt":"2026-04-10T11:34:00","slug":"leistungen","status":"publish","type":"page","link":"https:\/\/www.savaworks.com\/de\/leistungen\/","title":{"rendered":"Leistungen"},"content":{"rendered":"\t\t<div data-elementor-type=\"wp-page\" data-elementor-id=\"6621\" class=\"elementor elementor-6621 elementor-215\">\n\t\t\t\t<div class=\"e-con-gap-no elementor-element elementor-element-3fe362a e-flex e-con-boxed sc_layouts_column_icons_position_left e-con e-parent\" data-id=\"3fe362a\" data-element_type=\"container\" data-e-type=\"container\">\n\t\t\t\t\t<div class=\"e-con-inner\">\n\t\t<div class=\"elementor-element elementor-element-785f26f e-con-full e-flex sc_layouts_column_icons_position_left e-con e-child\" data-id=\"785f26f\" data-element_type=\"container\" data-e-type=\"container\">\n\t\t\t\t<div data-animation-type=\"block\" class=\"elementor-element elementor-element-796db1f animation_type_block sc_fly_static elementor-invisible elementor-widget elementor-widget-heading\" data-id=\"796db1f\" data-element_type=\"widget\" data-e-type=\"widget\" data-settings=\"{&quot;_animation&quot;:&quot;ta_fadeinup&quot;}\" data-widget_type=\"heading.default\">\n\t\t\t\t<div class=\"elementor-widget-container\">\n\t\t\t\t\t<h6 class=\"elementor-heading-title elementor-size-default\">Unsere Leistungen<\/h6>\t\t\t\t<\/div>\n\t\t\t\t<\/div>\n\t\t\t\t<div data-animation-type=\"line\" data-animation-stagger=\"80\" class=\"elementor-element elementor-element-90f4d5e animation_type_line sc_fly_static elementor-invisible elementor-widget elementor-widget-trx_elm_advanced_title\" data-id=\"90f4d5e\" data-element_type=\"widget\" data-e-type=\"widget\" data-settings=\"{&quot;_animation&quot;:&quot;ta_fadeinup&quot;,&quot;_animation_delay&quot;:100}\" data-widget_type=\"trx_elm_advanced_title.default\">\n\t\t\t\t<div class=\"elementor-widget-container\">\n\t\t\t\t\t<h1 class=\"trx-addons-advanced-title\" >\n<span class=\"trx-addons-advanced-title-item trx-addons-advanced-title-item-text elementor-repeater-item-8818021\">F\u00fcr Ihre Sicherheit<\/span>\n<span class=\"trx-addons-advanced-title-item trx-addons-advanced-title-item-text elementor-repeater-item-f4d33a4\">End-to-End-L\u00f6sungen<\/span><\/h1>\t\t\t\t<\/div>\n\t\t\t\t<\/div>\n\t\t\t\t<\/div>\n\t\t\t\t\t<\/div>\n\t\t\t\t<\/div>\n\t\t<div data-animation-type=\"block\" class=\"elementor-element elementor-element-32897e0 e-flex e-con-boxed sc_layouts_column_icons_position_left animation_type_block elementor-invisible e-con e-parent\" data-id=\"32897e0\" data-element_type=\"container\" data-e-type=\"container\" data-settings=\"{&quot;animation&quot;:&quot;fadeInUp&quot;,&quot;animation_delay&quot;:300}\">\n\t\t\t\t\t<div class=\"e-con-inner\">\n\t\t<div data-stack-section-zoom-value=\"0.9\" data-stack-section-transparency-value=\"0\" data-stack-section-blur-value=\"10\" class=\"elementor-element elementor-element-3835aa3 e-con-full sc_stack_section_on sc_stack_section_zoom_on e-flex sc_layouts_column_icons_position_left sc_stack_section_effect_slide e-con e-child\" data-id=\"3835aa3\" data-element_type=\"container\" data-e-type=\"container\" data-settings=\"{&quot;background_background&quot;:&quot;classic&quot;}\">\n\t\t<div class=\"elementor-element elementor-element-250530c e-con-full e-flex sc_layouts_column_icons_position_left e-con e-child\" data-id=\"250530c\" data-element_type=\"container\" data-e-type=\"container\">\n\t\t<div class=\"elementor-element elementor-element-b8333f9 e-con-full e-flex sc_layouts_column_icons_position_left e-con e-child\" data-id=\"b8333f9\" data-element_type=\"container\" data-e-type=\"container\">\n\t\t\t\t<div class=\"elementor-element elementor-element-c703239 sc_fly_static elementor-widget elementor-widget-heading\" data-id=\"c703239\" data-element_type=\"widget\" data-e-type=\"widget\" data-widget_type=\"heading.default\">\n\t\t\t\t<div class=\"elementor-widget-container\">\n\t\t\t\t\t<h2 class=\"elementor-heading-title elementor-size-default\"><a href=\"https:\/\/www.savaworks.com\/de\/leistungen\/hoehenarbeit-systeme\/\">H\u00f6henarbeitssysteme<\/a><\/h2>\t\t\t\t<\/div>\n\t\t\t\t<\/div>\n\t\t\t\t<div class=\"elementor-element elementor-element-d951657 sc_fly_static elementor-widget elementor-widget-text-editor\" data-id=\"d951657\" data-element_type=\"widget\" data-e-type=\"widget\" data-widget_type=\"text-editor.default\">\n\t\t\t\t<div class=\"elementor-widget-container\">\n\t\t\t\t\t\t\t\t\t<p>Ingenieurl\u00f6sungen, die das Sturzrisiko in Industrieanlagen und hohen Bauwerken eliminieren. <br>Sicherheitsnetze <strong>\u00b7<\/strong> Gel\u00e4ndersysteme <strong>\u00b7<\/strong> Barrieren <strong>\u00b7<\/strong> Laufstege<\/p>\t\t\t\t\t\t\t\t<\/div>\n\t\t\t\t<\/div>\n\t\t\t\t<\/div>\n\t\t\t\t<div class=\"elementor-element elementor-element-b4c6210 sc_fly_static elementor-widget elementor-widget-heading\" data-id=\"b4c6210\" data-element_type=\"widget\" data-e-type=\"widget\" data-widget_type=\"heading.default\">\n\t\t\t\t<div class=\"elementor-widget-container\">\n\t\t\t\t\t<h6 class=\"elementor-heading-title elementor-size-default\"><a href=\"https:\/\/www.savaworks.com\/de\/leistungen\/hoehenarbeit-systeme\/\">Mehr erfahren<\/a><\/h6>\t\t\t\t<\/div>\n\t\t\t\t<\/div>\n\t\t\t\t<\/div>\n\t\t<div class=\"elementor-element elementor-element-2efd805 e-con-full e-grid sc_layouts_column_icons_position_left e-con e-child\" data-id=\"2efd805\" data-element_type=\"container\" data-e-type=\"container\">\n\t\t\t\t<div class=\"elementor-element elementor-element-22aa136 sc_fly_static elementor-widget elementor-widget-image\" data-id=\"22aa136\" data-element_type=\"widget\" data-e-type=\"widget\" data-widget_type=\"image.default\">\n\t\t\t\t<div class=\"elementor-widget-container\">\n\t\t\t\t\t\t\t\t\t\t\t\t\t\t\t<img decoding=\"async\" src=\"https:\/\/www.savaworks.com\/wp-content\/uploads\/elementor\/thumbs\/Yuksekte-Calisma-Sistemleri-rk1013qpygzqeeph02dfugwhrfu8k5z3xpkpuaddm2.jpg\" title=\"H\u00f6henarbeitssysteme\" alt=\"H\u00f6henarbeitssysteme\" loading=\"lazy\" \/>\t\t\t\t\t\t\t\t\t\t\t\t\t\t\t<\/div>\n\t\t\t\t<\/div>\n\t\t\t\t<\/div>\n\t\t\t\t<\/div>\n\t\t<div data-stack-section-zoom-value=\"0.9\" data-stack-section-transparency-value=\"0\" data-stack-section-blur-value=\"10\" class=\"elementor-element elementor-element-23994c1 e-con-full sc_stack_section_on sc_stack_section_zoom_on e-flex sc_layouts_column_icons_position_left sc_stack_section_effect_slide e-con e-child\" data-id=\"23994c1\" data-element_type=\"container\" data-e-type=\"container\" data-settings=\"{&quot;background_background&quot;:&quot;classic&quot;}\">\n\t\t<div class=\"elementor-element elementor-element-a8b8032 e-con-full e-flex sc_layouts_column_icons_position_left e-con e-child\" data-id=\"a8b8032\" data-element_type=\"container\" data-e-type=\"container\">\n\t\t<div class=\"elementor-element elementor-element-100f194 e-con-full e-flex sc_layouts_column_icons_position_left e-con e-child\" data-id=\"100f194\" data-element_type=\"container\" data-e-type=\"container\">\n\t\t\t\t<div class=\"elementor-element elementor-element-0ea544f sc_fly_static elementor-widget elementor-widget-heading\" data-id=\"0ea544f\" data-element_type=\"widget\" data-e-type=\"widget\" data-widget_type=\"heading.default\">\n\t\t\t\t<div class=\"elementor-widget-container\">\n\t\t\t\t\t<h2 class=\"elementor-heading-title elementor-size-default\"><a href=\"https:\/\/www.savaworks.com\/de\/leistungen\/sicherheitsleinensysteme\/\">Sicherheitsleinensysteme<\/a><\/h2>\t\t\t\t<\/div>\n\t\t\t\t<\/div>\n\t\t\t\t<div class=\"elementor-element elementor-element-14a72c5 sc_fly_static elementor-widget elementor-widget-text-editor\" data-id=\"14a72c5\" data-element_type=\"widget\" data-e-type=\"widget\" data-widget_type=\"text-editor.default\">\n\t\t\t\t<div class=\"elementor-widget-container\">\n\t\t\t\t\t\t\t\t\t<p>Wir entwerfen und installieren Systeme, die maximalen Schutz bieten, ohne die Bewegungsfreiheit Ihrer Mitarbeiter einzuschr\u00e4nken.<br>Horizontale Seilsicherung <strong>\u00b7<\/strong> Vertikale Seilsicherung <strong>\u00b7<\/strong> Mobile Systeme <strong>\u00b7<\/strong> Schienengebundene Seilsicherung <strong>\u00b7<\/strong> Anschlagpunkte<\/p>\t\t\t\t\t\t\t\t<\/div>\n\t\t\t\t<\/div>\n\t\t\t\t<\/div>\n\t\t\t\t<div class=\"elementor-element elementor-element-3514a25 sc_fly_static elementor-widget elementor-widget-heading\" data-id=\"3514a25\" data-element_type=\"widget\" data-e-type=\"widget\" data-widget_type=\"heading.default\">\n\t\t\t\t<div class=\"elementor-widget-container\">\n\t\t\t\t\t<h6 class=\"elementor-heading-title elementor-size-default\"><a href=\"https:\/\/www.savaworks.com\/de\/leistungen\/sicherheitsleinensysteme\/\">Mehr erfahren<\/a><\/h6>\t\t\t\t<\/div>\n\t\t\t\t<\/div>\n\t\t\t\t<\/div>\n\t\t<div class=\"elementor-element elementor-element-ea30899 e-con-full e-grid sc_layouts_column_icons_position_left e-con e-child\" data-id=\"ea30899\" data-element_type=\"container\" data-e-type=\"container\">\n\t\t\t\t<div class=\"elementor-element elementor-element-79f7969 sc_fly_static elementor-widget elementor-widget-image\" data-id=\"79f7969\" data-element_type=\"widget\" data-e-type=\"widget\" data-widget_type=\"image.default\">\n\t\t\t\t<div class=\"elementor-widget-container\">\n\t\t\t\t\t\t\t\t\t\t\t\t\t\t\t<img decoding=\"async\" src=\"https:\/\/www.savaworks.com\/wp-content\/uploads\/elementor\/thumbs\/McyHU6nvVoSFqPASJCVNX_RoVijquh_00001-rk7y06sx1c27sv18nyx1hkxydshtvrpvv1nf2jc6qy.jpg\" title=\"Seilsicherung\" alt=\"Seilsicherung\" loading=\"lazy\" \/>\t\t\t\t\t\t\t\t\t\t\t\t\t\t\t<\/div>\n\t\t\t\t<\/div>\n\t\t\t\t<\/div>\n\t\t\t\t<\/div>\n\t\t<div data-stack-section-zoom-value=\"0.9\" data-stack-section-transparency-value=\"0\" data-stack-section-blur-value=\"10\" class=\"elementor-element elementor-element-48b647d e-con-full sc_stack_section_on sc_stack_section_zoom_on e-flex sc_layouts_column_icons_position_left sc_stack_section_effect_slide e-con e-child\" data-id=\"48b647d\" data-element_type=\"container\" data-e-type=\"container\" data-settings=\"{&quot;background_background&quot;:&quot;classic&quot;}\">\n\t\t<div class=\"elementor-element elementor-element-4898edb e-con-full e-flex sc_layouts_column_icons_position_left e-con e-child\" data-id=\"4898edb\" data-element_type=\"container\" data-e-type=\"container\">\n\t\t<div class=\"elementor-element elementor-element-d4c4d87 e-con-full e-flex sc_layouts_column_icons_position_left e-con e-child\" data-id=\"d4c4d87\" data-element_type=\"container\" data-e-type=\"container\">\n\t\t\t\t<div class=\"elementor-element elementor-element-2175692 sc_fly_static elementor-widget elementor-widget-heading\" data-id=\"2175692\" data-element_type=\"widget\" data-e-type=\"widget\" data-widget_type=\"heading.default\">\n\t\t\t\t<div class=\"elementor-widget-container\">\n\t\t\t\t\t<h2 class=\"elementor-heading-title elementor-size-default\"><a href=\"https:\/\/www.savaworks.com\/de\/leistungen\/seilzugang-dienstleistungen\/\">Seilzugang-Dienstleistungen<\/a><\/h2>\t\t\t\t<\/div>\n\t\t\t\t<\/div>\n\t\t\t\t<div class=\"elementor-element elementor-element-895fb48 sc_fly_static elementor-widget elementor-widget-text-editor\" data-id=\"895fb48\" data-element_type=\"widget\" data-e-type=\"widget\" data-widget_type=\"text-editor.default\">\n\t\t\t\t<div class=\"elementor-widget-container\">\n\t\t\t\t\t\t\t\t\tSchnelle Zugangsl\u00f6sungen, die Ger\u00fcst- und Kran-Kosten eliminieren. Wir f\u00fchren sichere Operationen an unzug\u00e4nglichen Stellen durch.<br>ZfP-Pr\u00fcfung <strong>\u00b7<\/strong> Wartung &amp; Montage <strong>\u00b7<\/strong> Oberfl\u00e4chenschutz <strong>\u00b7<\/strong> Rettungsdienste \t\t\t\t\t\t\t\t<\/div>\n\t\t\t\t<\/div>\n\t\t\t\t<\/div>\n\t\t\t\t<div class=\"elementor-element elementor-element-a8b0e5f sc_fly_static elementor-widget elementor-widget-heading\" data-id=\"a8b0e5f\" data-element_type=\"widget\" data-e-type=\"widget\" data-widget_type=\"heading.default\">\n\t\t\t\t<div class=\"elementor-widget-container\">\n\t\t\t\t\t<h6 class=\"elementor-heading-title elementor-size-default\"><a href=\"https:\/\/www.savaworks.com\/de\/leistungen\/seilzugang-dienstleistungen\/\">Mehr erfahren<\/a><\/h6>\t\t\t\t<\/div>\n\t\t\t\t<\/div>\n\t\t\t\t<\/div>\n\t\t<div class=\"elementor-element elementor-element-ef1338f e-con-full e-grid sc_layouts_column_icons_position_left e-con e-child\" data-id=\"ef1338f\" data-element_type=\"container\" data-e-type=\"container\">\n\t\t\t\t<div class=\"elementor-element elementor-element-6609594 sc_fly_static elementor-widget elementor-widget-image\" data-id=\"6609594\" data-element_type=\"widget\" data-e-type=\"widget\" data-widget_type=\"image.default\">\n\t\t\t\t<div class=\"elementor-widget-container\">\n\t\t\t\t\t\t\t\t\t\t\t\t\t\t\t<img decoding=\"async\" src=\"https:\/\/www.savaworks.com\/wp-content\/uploads\/elementor\/thumbs\/Iple-Erisim-Hizmetleri--scaled-rk93bvx1vklvaq2jk19wv5zpe7tmlvrx2gr9ahiip6.jpg\" title=\"Seilzugangsdienste\" alt=\"Seilzugangsdienste\" loading=\"lazy\" \/>\t\t\t\t\t\t\t\t\t\t\t\t\t\t\t<\/div>\n\t\t\t\t<\/div>\n\t\t\t\t<\/div>\n\t\t\t\t<\/div>\n\t\t<div data-stack-section-zoom-value=\"0.9\" data-stack-section-transparency-value=\"0\" data-stack-section-blur-value=\"10\" class=\"elementor-element elementor-element-2f6fee4 e-con-full sc_stack_section_on sc_stack_section_zoom_on e-flex sc_layouts_column_icons_position_left sc_stack_section_effect_slide e-con e-child\" data-id=\"2f6fee4\" data-element_type=\"container\" data-e-type=\"container\" data-settings=\"{&quot;background_background&quot;:&quot;classic&quot;}\">\n\t\t<div class=\"elementor-element elementor-element-d793ee5 e-con-full e-flex sc_layouts_column_icons_position_left e-con e-child\" data-id=\"d793ee5\" data-element_type=\"container\" data-e-type=\"container\">\n\t\t<div class=\"elementor-element elementor-element-013cdd4 e-con-full e-flex sc_layouts_column_icons_position_left e-con e-child\" data-id=\"013cdd4\" data-element_type=\"container\" data-e-type=\"container\">\n\t\t\t\t<div class=\"elementor-element elementor-element-075d227 sc_fly_static elementor-widget elementor-widget-heading\" data-id=\"075d227\" data-element_type=\"widget\" data-e-type=\"widget\" data-widget_type=\"heading.default\">\n\t\t\t\t<div class=\"elementor-widget-container\">\n\t\t\t\t\t<h2 class=\"elementor-heading-title elementor-size-default\"><a href=\"https:\/\/www.savaworks.com\/de\/leistungen\/erneuerbare-energien-und-technik\/\">Erneuerbare Energien und Technik<\/a><\/h2>\t\t\t\t<\/div>\n\t\t\t\t<\/div>\n\t\t\t\t<div class=\"elementor-element elementor-element-7ae3713 sc_fly_static elementor-widget elementor-widget-text-editor\" data-id=\"7ae3713\" data-element_type=\"widget\" data-e-type=\"widget\" data-widget_type=\"text-editor.default\">\n\t\t\t\t<div class=\"elementor-widget-container\">\n\t\t\t\t\t\t\t\t\tWir bieten End-to-End-Dienstleistungen f\u00fcr Solarkraftwerke, von der Planung \u00fcber die Wartung und Reinigung bis hin zur Luftinspektion.<br>PV-EPC <strong>\u00b7<\/strong> PV-Wartung &amp; Reparatur <strong>\u00b7<\/strong> PV-Reinigung <strong>\u00b7<\/strong> Thermische Drohne\t\t\t\t\t\t\t\t<\/div>\n\t\t\t\t<\/div>\n\t\t\t\t<\/div>\n\t\t\t\t<div class=\"elementor-element elementor-element-4c9931c sc_fly_static elementor-widget elementor-widget-heading\" data-id=\"4c9931c\" data-element_type=\"widget\" data-e-type=\"widget\" data-widget_type=\"heading.default\">\n\t\t\t\t<div class=\"elementor-widget-container\">\n\t\t\t\t\t<h6 class=\"elementor-heading-title elementor-size-default\"><a href=\"https:\/\/www.savaworks.com\/de\/leistungen\/erneuerbare-energien-und-technik\/\">Mehr erfahren<\/a><\/h6>\t\t\t\t<\/div>\n\t\t\t\t<\/div>\n\t\t\t\t<\/div>\n\t\t<div class=\"elementor-element elementor-element-eb6df40 e-con-full e-grid sc_layouts_column_icons_position_left e-con e-child\" data-id=\"eb6df40\" data-element_type=\"container\" data-e-type=\"container\">\n\t\t\t\t<div class=\"elementor-element elementor-element-d948ee4 sc_fly_static elementor-widget elementor-widget-image\" data-id=\"d948ee4\" data-element_type=\"widget\" data-e-type=\"widget\" data-widget_type=\"image.default\">\n\t\t\t\t<div class=\"elementor-widget-container\">\n\t\t\t\t\t\t\t\t\t\t\t\t\t\t\t<img decoding=\"async\" src=\"https:\/\/www.savaworks.com\/wp-content\/uploads\/elementor\/thumbs\/Yenilenebilir-Enerji-ve-Muhendislik-rk10344akpqt8dsc9fnpogmzi3xi0uyfvnt3sle2ay.jpg\" title=\"Erneuerbare Energien und Ingenieurwesen\" alt=\"Erneuerbare Energien und Ingenieurwesen\" loading=\"lazy\" \/>\t\t\t\t\t\t\t\t\t\t\t\t\t\t\t<\/div>\n\t\t\t\t<\/div>\n\t\t\t\t<\/div>\n\t\t\t\t<\/div>\n\t\t<div data-stack-section-zoom-value=\"0.9\" data-stack-section-transparency-value=\"0\" data-stack-section-blur-value=\"10\" class=\"elementor-element elementor-element-6231d30 e-con-full sc_stack_section_on sc_stack_section_zoom_on e-flex sc_layouts_column_icons_position_left sc_stack_section_effect_slide e-con e-child\" data-id=\"6231d30\" data-element_type=\"container\" data-e-type=\"container\" data-settings=\"{&quot;background_background&quot;:&quot;classic&quot;}\">\n\t\t<div class=\"elementor-element elementor-element-6e46e09 e-con-full e-flex sc_layouts_column_icons_position_left e-con e-child\" data-id=\"6e46e09\" data-element_type=\"container\" data-e-type=\"container\">\n\t\t<div class=\"elementor-element elementor-element-b1a9e2a e-con-full e-flex sc_layouts_column_icons_position_left e-con e-child\" data-id=\"b1a9e2a\" data-element_type=\"container\" data-e-type=\"container\">\n\t\t\t\t<div class=\"elementor-element elementor-element-4dd4a69 sc_fly_static elementor-widget elementor-widget-heading\" data-id=\"4dd4a69\" data-element_type=\"widget\" data-e-type=\"widget\" data-widget_type=\"heading.default\">\n\t\t\t\t<div class=\"elementor-widget-container\">\n\t\t\t\t\t<h2 class=\"elementor-heading-title elementor-size-default\"><a href=\"https:\/\/www.savaworks.com\/de\/leistungen\/schulung-und-beratung\/\">Schulung und Beratung<\/a><\/h2>\t\t\t\t<\/div>\n\t\t\t\t<\/div>\n\t\t\t\t<div class=\"elementor-element elementor-element-53e1885 sc_fly_static elementor-widget elementor-widget-text-editor\" data-id=\"53e1885\" data-element_type=\"widget\" data-e-type=\"widget\" data-widget_type=\"text-editor.default\">\n\t\t\t\t<div class=\"elementor-widget-container\">\n\t\t\t\t\t\t\t\t\t<p>Mit zertifizierten Programmen nach internationalen Standards bilden wir kompetente und sichere Fachkr\u00e4fte f\u00fcr die Branche aus.<br>IRATA\/SPRAT <strong>\u00b7<\/strong> Rettung <strong>\u00b7<\/strong> H\u00f6henarbeit <strong>\u00b7<\/strong> Enge R\u00e4ume <strong>\u00b7<\/strong> Brand <strong>\u00b7<\/strong> Erste Hilfe<\/p>\t\t\t\t\t\t\t\t<\/div>\n\t\t\t\t<\/div>\n\t\t\t\t<\/div>\n\t\t\t\t<div class=\"elementor-element elementor-element-d8cf4f8 sc_fly_static elementor-widget elementor-widget-heading\" data-id=\"d8cf4f8\" data-element_type=\"widget\" data-e-type=\"widget\" data-widget_type=\"heading.default\">\n\t\t\t\t<div class=\"elementor-widget-container\">\n\t\t\t\t\t<h6 class=\"elementor-heading-title elementor-size-default\"><a href=\"https:\/\/www.savaworks.com\/de\/leistungen\/schulung-und-beratung\/\">Mehr erfahren<\/a><\/h6>\t\t\t\t<\/div>\n\t\t\t\t<\/div>\n\t\t\t\t<\/div>\n\t\t<div class=\"elementor-element elementor-element-60360da e-con-full e-grid sc_layouts_column_icons_position_left e-con e-child\" data-id=\"60360da\" data-element_type=\"container\" data-e-type=\"container\">\n\t\t\t\t<div class=\"elementor-element elementor-element-c149d18 sc_fly_static elementor-widget elementor-widget-image\" data-id=\"c149d18\" data-element_type=\"widget\" data-e-type=\"widget\" data-widget_type=\"image.default\">\n\t\t\t\t<div class=\"elementor-widget-container\">\n\t\t\t\t\t\t\t\t\t\t\t\t\t\t\t<img decoding=\"async\" src=\"https:\/\/www.savaworks.com\/wp-content\/uploads\/elementor\/thumbs\/Egitim-ve-Danismanlik-rk103k3jswcopr54o4kdcultlnqqnppvluwcyaqdd6.jpg\" title=\"Schulung und Beratung\" alt=\"Schulung und Beratung\" loading=\"lazy\" \/>\t\t\t\t\t\t\t\t\t\t\t\t\t\t\t<\/div>\n\t\t\t\t<\/div>\n\t\t\t\t<\/div>\n\t\t\t\t<\/div>\n\t\t\t\t\t<\/div>\n\t\t\t\t<\/div>\n\t\t<div class=\"elementor-element elementor-element-12213e2b e-flex e-con-boxed sc_layouts_column_icons_position_left e-con e-child\" data-id=\"12213e2b\" data-element_type=\"container\" data-e-type=\"container\" data-settings=\"{&quot;background_background&quot;:&quot;classic&quot;}\">\n\t\t\t\t\t<div class=\"e-con-inner\">\n\t\t\t\t<div data-animation-type=\"block\" class=\"elementor-element elementor-element-7a5a3280 animated-slow animation_type_block sc_fly_static elementor-invisible elementor-widget elementor-widget-heading\" data-id=\"7a5a3280\" data-element_type=\"widget\" data-e-type=\"widget\" data-settings=\"{&quot;_animation&quot;:&quot;ta_fadein&quot;}\" data-widget_type=\"heading.default\">\n\t\t\t\t<div class=\"elementor-widget-container\">\n\t\t\t\t\t<h4 class=\"elementor-heading-title elementor-size-default\">Lassen Sie uns gemeinsam die richtige L\u00f6sung f\u00fcr Ihr Projekt finden.<\/h4>\t\t\t\t<\/div>\n\t\t\t\t<\/div>\n\t\t\t\t\t<\/div>\n\t\t\t\t<\/div>\n\t\t\t\t<\/div>\n\t\t","protected":false},"excerpt":{"rendered":"<p>Unsere Leistungen F\u00fcr Ihre Sicherheit End-to-End-L\u00f6sungen H\u00f6henarbeitssysteme Ingenieurl\u00f6sungen, die das Sturzrisiko in Industrieanlagen&hellip;<\/p>\n","protected":false},"author":1,"featured_media":0,"parent":0,"menu_order":0,"comment_status":"closed","ping_status":"closed","template":"","meta":{"footnotes":""},"class_list":["post-6621","page","type-page","status-publish","hentry"],"_links":{"self":[{"href":"https:\/\/www.savaworks.com\/de\/wp-json\/wp\/v2\/pages\/6621","targetHints":{"allow":["GET"]}}],"collection":[{"href":"https:\/\/www.savaworks.com\/de\/wp-json\/wp\/v2\/pages"}],"about":[{"href":"https:\/\/www.savaworks.com\/de\/wp-json\/wp\/v2\/types\/page"}],"author":[{"embeddable":true,"href":"https:\/\/www.savaworks.com\/de\/wp-json\/wp\/v2\/users\/1"}],"replies":[{"embeddable":true,"href":"https:\/\/www.savaworks.com\/de\/wp-json\/wp\/v2\/comments?post=6621"}],"version-history":[{"count":12,"href":"https:\/\/www.savaworks.com\/de\/wp-json\/wp\/v2\/pages\/6621\/revisions"}],"predecessor-version":[{"id":6817,"href":"https:\/\/www.savaworks.com\/de\/wp-json\/wp\/v2\/pages\/6621\/revisions\/6817"}],"wp:attachment":[{"href":"https:\/\/www.savaworks.com\/de\/wp-json\/wp\/v2\/media?parent=6621"}],"curies":[{"name":"wp","href":"https:\/\/api.w.org\/{rel}","templated":true}]}}